
{"id":447,"date":"2020-04-14T22:42:42","date_gmt":"2020-04-14T20:42:42","guid":{"rendered":"https:\/\/patientinfo.serf.fr\/cupules-acetabulaires\/"},"modified":"2020-04-21T13:35:09","modified_gmt":"2020-04-21T11:35:09","slug":"hoftledskalar","status":"publish","type":"page","link":"https:\/\/patientinfo.serf.fr\/fi-se\/valj-led\/hanche\/hoftledskalar\/","title":{"rendered":"H\u00d6FTLEDSK\u00c5LAR"},"content":{"rendered":"[vc_row type=&#8221;full_width_content&#8221; full_screen_row_position=&#8221;middle&#8221; column_margin=&#8221;none&#8221; bg_color=&#8221;#363d46&#8243; scene_position=&#8221;center&#8221; text_color=&#8221;light&#8221; text_align=&#8221;left&#8221; top_padding=&#8221;2%&#8221; overlay_strength=&#8221;0.3&#8243; shape_divider_position=&#8221;bottom&#8221; bg_image_animation=&#8221;none&#8221; shape_type=&#8221;&#8221;][vc_column column_padding=&#8221;no-extra-padding&#8221; column_padding_position=&#8221;all&#8221; background_color_opacity=&#8221;1&#8243; background_hover_color_opacity=&#8221;1&#8243; column_link_target=&#8221;_self&#8221; column_shadow=&#8221;none&#8221; column_border_radius=&#8221;none&#8221; width=&#8221;1\/6&#8243; tablet_width_inherit=&#8221;default&#8221; tablet_text_alignment=&#8221;default&#8221; phone_text_alignment=&#8221;default&#8221; overlay_strength=&#8221;0.3&#8243; column_border_width=&#8221;none&#8221; column_border_style=&#8221;solid&#8221; bg_image_animation=&#8221;none&#8221;][\/vc_column][vc_column column_padding=&#8221;no-extra-padding&#8221; column_padding_position=&#8221;all&#8221; background_color_opacity=&#8221;1&#8243; background_hover_color_opacity=&#8221;1&#8243; column_link_target=&#8221;_self&#8221; column_shadow=&#8221;none&#8221; column_border_radius=&#8221;none&#8221; width=&#8221;2\/3&#8243; tablet_width_inherit=&#8221;default&#8221; tablet_text_alignment=&#8221;default&#8221; phone_text_alignment=&#8221;default&#8221; overlay_strength=&#8221;0.3&#8243; column_border_width=&#8221;none&#8221; column_border_style=&#8221;solid&#8221; bg_image_animation=&#8221;none&#8221;][vc_row_inner column_margin=&#8221;default&#8221; text_align=&#8221;left&#8221;][vc_column_inner column_padding=&#8221;no-extra-padding&#8221; column_padding_position=&#8221;all&#8221; centered_text=&#8221;true&#8221; background_color_opacity=&#8221;1&#8243; background_hover_color_opacity=&#8221;1&#8243; column_shadow=&#8221;none&#8221; column_border_radius=&#8221;none&#8221; column_link_target=&#8221;_self&#8221; el_class=&#8221;flexwrap&#8221; width=&#8221;1\/1&#8243; tablet_width_inherit=&#8221;default&#8221; overlay_strength=&#8221;0.3&#8243; column_border_width=&#8221;none&#8221; column_border_style=&#8221;solid&#8221; bg_image_animation=&#8221;none&#8221; enable_animation=&#8221;true&#8221; animation=&#8221;fade-in&#8221; delay=&#8221;0&#8243;][vc_raw_html]JTNDZGl2JTIwY2xhc3MlM0QlMjJuZWN0YXJfaWNvbl93cmFwJTIyJTIwZGF0YS1zdHlsZSUzRCUyMmRlZmF1bHQlMjIlMjBkYXRhLWRyYXclM0QlMjIlMjIlMjBkYXRhLWJvcmRlci10aGlja25lc3MlM0QlMjIycHglMjIlMjBkYXRhLXBhZGRpbmclM0QlMjIyMHB4JTIyJTIwZGF0YS1jb2xvciUzRCUyMndoaXRlJTIyJTIwc3R5bGUlM0QlMjIlMjIlM0UlMEElMDklMDklM0NkaXYlMjBjbGFzcyUzRCUyMm5lY3Rhcl9pY29uJTIyJTNFJTNDYSUyMGhyZWYlM0QlMjJqYXZhc2NyaXB0JTNBaGlzdG9yeS5iYWNrJTI4JTI5JTNCJTIyJTNFJTNDJTJGYSUzRSUzQ2klMjBzdHlsZSUzRCUyMmZvbnQtc2l6ZSUzQSUyMDUwcHglM0IlMjBsaW5lLWhlaWdodCUzQSUyMDUwcHglM0IlMjBoZWlnaHQlM0ElMjA1MHB4JTNCJTIwd2lkdGglM0ElMjA1MHB4JTNCJTIyJTIwY2xhc3MlM0QlMjJmYSUyMGZhLWFuZ2xlLWxlZnQlMjIlM0UlM0MlMkZpJTNFJTNDJTJGZGl2JTNFJTBBJTA5JTNDJTJGZGl2JTNF[\/vc_raw_html][image_with_animation image_url=&#8221;152&#8243; alignment=&#8221;&#8221; animation=&#8221;Fade In&#8221; hover_animation=&#8221;none&#8221; border_radius=&#8221;none&#8221; box_shadow=&#8221;none&#8221; image_loading=&#8221;default&#8221; max_width=&#8221;100%&#8221; max_width_mobile=&#8221;default&#8221; margin_right=&#8221;15px&#8221;][vc_column_text]\n<h2><strong>H\u00d6FTLEDSK\u00c5LAR<\/strong><\/h2>\n[\/vc_column_text][\/vc_column_inner][\/vc_row_inner][\/vc_column][vc_column column_padding=&#8221;no-extra-padding&#8221; column_padding_position=&#8221;all&#8221; background_color_opacity=&#8221;1&#8243; background_hover_color_opacity=&#8221;1&#8243; column_link_target=&#8221;_self&#8221; column_shadow=&#8221;none&#8221; column_border_radius=&#8221;none&#8221; width=&#8221;1\/6&#8243; tablet_width_inherit=&#8221;default&#8221; tablet_text_alignment=&#8221;default&#8221; phone_text_alignment=&#8221;default&#8221; overlay_strength=&#8221;0.3&#8243; column_border_width=&#8221;none&#8221; column_border_style=&#8221;solid&#8221; bg_image_animation=&#8221;none&#8221;][\/vc_column][\/vc_row][vc_row type=&#8221;full_width_content&#8221; full_screen_row_position=&#8221;middle&#8221; column_margin=&#8221;none&#8221; bg_color=&#8221;#363d46&#8243; scene_position=&#8221;center&#8221; text_color=&#8221;dark&#8221; text_align=&#8221;left&#8221; overlay_strength=&#8221;0.3&#8243; shape_divider_position=&#8221;bottom&#8221; bg_image_animation=&#8221;none&#8221; shape_type=&#8221;&#8221;][vc_column column_padding=&#8221;no-extra-padding&#8221; column_padding_position=&#8221;all&#8221; background_color_opacity=&#8221;1&#8243; background_hover_color_opacity=&#8221;1&#8243; column_link_target=&#8221;_self&#8221; column_shadow=&#8221;none&#8221; column_border_radius=&#8221;none&#8221; width=&#8221;1\/1&#8243; tablet_width_inherit=&#8221;default&#8221; tablet_text_alignment=&#8221;default&#8221; phone_text_alignment=&#8221;default&#8221; overlay_strength=&#8221;0.3&#8243; column_border_width=&#8221;none&#8221; column_border_style=&#8221;solid&#8221; bg_image_animation=&#8221;none&#8221;][vc_row_inner column_margin=&#8221;default&#8221; text_align=&#8221;left&#8221;][vc_column_inner column_padding=&#8221;no-extra-padding&#8221; column_padding_position=&#8221;all&#8221; background_color_opacity=&#8221;1&#8243; background_hover_color_opacity=&#8221;1&#8243; column_shadow=&#8221;none&#8221; column_border_radius=&#8221;none&#8221; column_link_target=&#8221;_self&#8221; width=&#8221;1\/1&#8243; tablet_width_inherit=&#8221;default&#8221; overlay_strength=&#8221;0.3&#8243; column_border_width=&#8221;none&#8221; column_border_style=&#8221;solid&#8221; bg_image_animation=&#8221;none&#8221; enable_animation=&#8221;true&#8221; animation=&#8221;fade-in&#8221; delay=&#8221;10&#8243;][vc_column_text]<ul class=\"dlm-downloads\"><li><aside class=\"download-box\">\n\t<a class=\"download-button\" title=\"CI E Liikkuva polyteeni-insertti\" href=\"https:\/\/patientinfo.serf.fr\/fi-se\/download\/ci-e-liikkuva-polyteeni-insertti\/?tmstv=1778088945\" rel=\"nofollow\" target=\"_blank\">\n\t\t\t\t\t\n\t<div class=\"img\">\n\t\t<img loading=\"lazy\" decoding=\"async\" width=\"895\" height=\"687\" src=\"https:\/\/patientinfo.serf.fr\/wp-content\/uploads\/NOVAE-CI-E.png\" class=\"attachment-full size-full wp-post-image\" alt=\"\" \/>\t<\/div>\n\n<!--\n\t<div class=\"download-box-content\">\n\n\t\t<h3>CI E Liikkuva polyteeni-insertti<\/h3>\n\n\t\t\n\t\t<a class=\"download-button\" title=\"\" href=\"https:\/\/patientinfo.serf.fr\/fi-se\/download\/ci-e-liikkuva-polyteeni-insertti\/?tmstv=1778088945\" rel=\"nofollow\">\n\t\t\tDownload File\t\t\t<small>SFRAIPNOVAESC-Rev.02-SV-Information-patient.pdf &ndash; 251.12 KB<\/small>\n\t\t<\/a>\n\n\t<\/div>\n-->\n\t<\/a>\n<\/aside>\n\n\n<\/li><li><aside class=\"download-box\">\n\t<a class=\"download-button\" title=\"BI-MENTUM PE LINER ruchomaR\u00f6rlig PE-liner\" href=\"https:\/\/patientinfo.serf.fr\/fi-se\/download\/bi-mentum-pe-liner-ruchomarorlig-pe-liner\/?tmstv=1778088945\" rel=\"nofollow\" target=\"_blank\">\n\t\t\t\t\t\n\t<div class=\"img\">\n\t\t<img loading=\"lazy\" decoding=\"async\" width=\"890\" height=\"680\" src=\"https:\/\/patientinfo.serf.fr\/wp-content\/uploads\/BI-MENTUM-PE-Liner.png\" class=\"attachment-full size-full wp-post-image\" alt=\"\" \/>\t<\/div>\n\n<!--\n\t<div class=\"download-box-content\">\n\n\t\t<h3>BI-MENTUM PE LINER ruchomaR\u00f6rlig PE-liner<\/h3>\n\n\t\t\n\t\t<a class=\"download-button\" title=\"\" href=\"https:\/\/patientinfo.serf.fr\/fi-se\/download\/bi-mentum-pe-liner-ruchomarorlig-pe-liner\/?tmstv=1778088945\" rel=\"nofollow\">\n\t\t\tDownload File\t\t\t<small>SFRAIPBMSC-Rev.02-SV-Information-patient.pdf &ndash; 300.72 KB<\/small>\n\t\t<\/a>\n\n\t<\/div>\n-->\n\t<\/a>\n<\/aside>\n\n\n<\/li><li><aside class=\"download-box\">\n\t<a class=\"download-button\" title=\"COPTOS TH Cementfri ledsk\u00e5l med dubbel r\u00f6rlighet med tv\u00e5 stift + gripdon\" href=\"https:\/\/patientinfo.serf.fr\/fi-se\/download\/coptos-th-cementfri-ledskal-med-dubbel-rorlighet-med-tva-stift-gripdon\/?tmstv=1778088945\" rel=\"nofollow\" target=\"_blank\">\n\t\t\t\t\t\n\t<div class=\"img\">\n\t\t<img loading=\"lazy\" decoding=\"async\" width=\"442\" height=\"337\" src=\"https:\/\/patientinfo.serf.fr\/wp-content\/uploads\/NOVAE-COPTOS-TH-1.png\" class=\"attachment-full size-full wp-post-image\" alt=\"\" \/>\t<\/div>\n\n<!--\n\t<div class=\"download-box-content\">\n\n\t\t<h3>COPTOS TH Cementfri ledsk\u00e5l med dubbel r\u00f6rlighet med tv\u00e5 stift + gripdon<\/h3>\n\n\t\t\n\t\t<a class=\"download-button\" title=\"\" href=\"https:\/\/patientinfo.serf.fr\/fi-se\/download\/coptos-th-cementfri-ledskal-med-dubbel-rorlighet-med-tva-stift-gripdon\/?tmstv=1778088945\" rel=\"nofollow\">\n\t\t\tDownload File\t\t\t<small>SFRAIPNOVAESC-Rev.02-SV-Information-patient.pdf &ndash; 251.12 KB<\/small>\n\t\t<\/a>\n\n\t<\/div>\n-->\n\t<\/a>\n<\/aside>\n\n\n<\/li><li><aside class=\"download-box\">\n\t<a class=\"download-button\" title=\"SUNFIT TH Cementfri ledsk\u00e5l med dubbel r\u00f6rlighet + gripdon\" href=\"https:\/\/patientinfo.serf.fr\/fi-se\/download\/sunfit-th-cementfri-ledskal-med-dubbel-rorlighet-gripdon\/?tmstv=1778088945\" rel=\"nofollow\" target=\"_blank\">\n\t\t\t\t\t\n\t<div class=\"img\">\n\t\t<img loading=\"lazy\" decoding=\"async\" width=\"432\" height=\"333\" src=\"https:\/\/patientinfo.serf.fr\/wp-content\/uploads\/NOVAE-SUNFIT-TH.png\" class=\"attachment-full size-full wp-post-image\" alt=\"\" \/>\t<\/div>\n\n<!--\n\t<div class=\"download-box-content\">\n\n\t\t<h3>SUNFIT TH Cementfri ledsk\u00e5l med dubbel r\u00f6rlighet + gripdon<\/h3>\n\n\t\t\n\t\t<a class=\"download-button\" title=\"\" href=\"https:\/\/patientinfo.serf.fr\/fi-se\/download\/sunfit-th-cementfri-ledskal-med-dubbel-rorlighet-gripdon\/?tmstv=1778088945\" rel=\"nofollow\">\n\t\t\tDownload File\t\t\t<small>SFRAIPNOVAESC-Rev.02-SV-Information-patient.pdf &ndash; 251.12 KB<\/small>\n\t\t<\/a>\n\n\t<\/div>\n-->\n\t<\/a>\n<\/aside>\n\n\n<\/li><li><aside class=\"download-box\">\n\t<a class=\"download-button\" title=\"NOVAE E TH Cementfri ledsk\u00e5l med dubbel r\u00f6rlighet med tv\u00e5 stift + gripdon\" href=\"https:\/\/patientinfo.serf.fr\/fi-se\/download\/novae-e-th-cementfri-ledskal-med-dubbel-rorlighet-med-tva-stift-gripdon\/?tmstv=1778088945\" rel=\"nofollow\" target=\"_blank\">\n\t\t\t\t\t\n\t<div class=\"img\">\n\t\t<img loading=\"lazy\" decoding=\"async\" width=\"443\" height=\"341\" src=\"https:\/\/patientinfo.serf.fr\/wp-content\/uploads\/NOVAE-E-TH.png\" class=\"attachment-full size-full wp-post-image\" alt=\"\" \/>\t<\/div>\n\n<!--\n\t<div class=\"download-box-content\">\n\n\t\t<h3>NOVAE E TH Cementfri ledsk\u00e5l med dubbel r\u00f6rlighet med tv\u00e5 stift + gripdon<\/h3>\n\n\t\t\n\t\t<a class=\"download-button\" title=\"\" href=\"https:\/\/patientinfo.serf.fr\/fi-se\/download\/novae-e-th-cementfri-ledskal-med-dubbel-rorlighet-med-tva-stift-gripdon\/?tmstv=1778088945\" rel=\"nofollow\">\n\t\t\tDownload File\t\t\t<small>SFRAIPNOVAESC-Rev.02-SV-Information-patient.pdf &ndash; 251.12 KB<\/small>\n\t\t<\/a>\n\n\t<\/div>\n-->\n\t<\/a>\n<\/aside>\n\n\n<\/li><li><aside class=\"download-box\">\n\t<a class=\"download-button\" title=\"BI-MENTUM\u2122 Plus Cup Ocementerad ledsk\u00e5l med dubbel r\u00f6rlighet med tv\u00e5 stift\" href=\"https:\/\/patientinfo.serf.fr\/fi-se\/download\/bi-mentum-plus-cup-ocementerad-ledskal-med-dubbel-rorlighet-med-tva-stift\/?tmstv=1778088945\" rel=\"nofollow\" target=\"_blank\">\n\t\t\t\t\t\n\t<div class=\"img\">\n\t\t<img loading=\"lazy\" decoding=\"async\" width=\"888\" height=\"684\" src=\"https:\/\/patientinfo.serf.fr\/wp-content\/uploads\/BI-MENTUM-PLUS-CUP.png\" class=\"attachment-full size-full wp-post-image\" alt=\"\" \/>\t<\/div>\n\n<!--\n\t<div class=\"download-box-content\">\n\n\t\t<h3>BI-MENTUM\u2122 Plus Cup Ocementerad ledsk\u00e5l med dubbel r\u00f6rlighet med tv\u00e5 stift<\/h3>\n\n\t\t\n\t\t<a class=\"download-button\" title=\"\" href=\"https:\/\/patientinfo.serf.fr\/fi-se\/download\/bi-mentum-plus-cup-ocementerad-ledskal-med-dubbel-rorlighet-med-tva-stift\/?tmstv=1778088945\" rel=\"nofollow\">\n\t\t\tDownload File\t\t\t<small>SFRAIPBMSC-Rev.02-SV-Information-patient.pdf &ndash; 300.72 KB<\/small>\n\t\t<\/a>\n\n\t<\/div>\n-->\n\t<\/a>\n<\/aside>\n\n\n<\/li><li><aside class=\"download-box\">\n\t<a class=\"download-button\" title=\"BI-MENTUM\u2122 Revision Cup Ocementerad ledsk\u00e5l med dubbel r\u00f6rlighet med tv\u00e5 stift\" href=\"https:\/\/patientinfo.serf.fr\/fi-se\/download\/bi-mentum-revision-cup-ocementerad-ledskal-med-dubbel-rorlighet-med-tva-stift\/?tmstv=1778088945\" rel=\"nofollow\" target=\"_blank\">\n\t\t\t\t\t\n\t<div class=\"img\">\n\t\t<img loading=\"lazy\" decoding=\"async\" width=\"885\" height=\"675\" src=\"https:\/\/patientinfo.serf.fr\/wp-content\/uploads\/BI-MENTUM-Revision-Cup.png\" class=\"attachment-full size-full wp-post-image\" alt=\"\" \/>\t<\/div>\n\n<!--\n\t<div class=\"download-box-content\">\n\n\t\t<h3>BI-MENTUM\u2122 Revision Cup Ocementerad ledsk\u00e5l med dubbel r\u00f6rlighet med tv\u00e5 stift<\/h3>\n\n\t\t\n\t\t<a class=\"download-button\" title=\"\" href=\"https:\/\/patientinfo.serf.fr\/fi-se\/download\/bi-mentum-revision-cup-ocementerad-ledskal-med-dubbel-rorlighet-med-tva-stift\/?tmstv=1778088945\" rel=\"nofollow\">\n\t\t\tDownload File\t\t\t<small>SFRAIPBMSC-Rev.02-SV-Information-patient.pdf &ndash; 300.72 KB<\/small>\n\t\t<\/a>\n\n\t<\/div>\n-->\n\t<\/a>\n<\/aside>\n\n\n<\/li><li><aside class=\"download-box\">\n\t<a class=\"download-button\" title=\"BI-MENTUM\u2122 PressFit Cup Ocementerade ledsk\u00e5lar med dubbel rorlighet\" href=\"https:\/\/patientinfo.serf.fr\/fi-se\/download\/bi-mentum-pressfit-cup-ocementerade-ledskalar-med-dubbel-rorlighet\/?tmstv=1778088945\" rel=\"nofollow\" target=\"_blank\">\n\t\t\t\t\t\n\t<div class=\"img\">\n\t\t<img loading=\"lazy\" decoding=\"async\" width=\"889\" height=\"683\" src=\"https:\/\/patientinfo.serf.fr\/wp-content\/uploads\/BI-MENTUM-PressFit-Cup.png\" class=\"attachment-full size-full wp-post-image\" alt=\"\" \/>\t<\/div>\n\n<!--\n\t<div class=\"download-box-content\">\n\n\t\t<h3>BI-MENTUM\u2122 PressFit Cup Ocementerade ledsk\u00e5lar med dubbel rorlighet<\/h3>\n\n\t\t\n\t\t<a class=\"download-button\" title=\"\" href=\"https:\/\/patientinfo.serf.fr\/fi-se\/download\/bi-mentum-pressfit-cup-ocementerade-ledskalar-med-dubbel-rorlighet\/?tmstv=1778088945\" rel=\"nofollow\">\n\t\t\tDownload File\t\t\t<small>SFRAIPBMSC-Rev.02-SV-Information-patient.pdf &ndash; 300.72 KB<\/small>\n\t\t<\/a>\n\n\t<\/div>\n-->\n\t<\/a>\n<\/aside>\n\n\n<\/li><\/ul>\n\t\t\t\t[\/vc_column_text][\/vc_column_inner][\/vc_row_inner][\/vc_column][\/vc_row]\n","protected":false},"excerpt":{"rendered":"<p>[vc_row type=&#8221;full_width_content&#8221; full_screen_row_position=&#8221;middle&#8221; column_margin=&#8221;none&#8221; bg_color=&#8221;#363d46&#8243; scene_position=&#8221;center&#8221; text_color=&#8221;light&#8221; text_align=&#8221;left&#8221; top_padding=&#8221;2%&#8221; overlay_strength=&#8221;0.3&#8243; shape_divider_position=&#8221;bottom&#8221; bg_image_animation=&#8221;none&#8221; shape_type=&#8221;&#8221;][vc_column column_padding=&#8221;no-extra-padding&#8221; column_padding_position=&#8221;all&#8221; background_color_opacity=&#8221;1&#8243; background_hover_color_opacity=&#8221;1&#8243; column_link_target=&#8221;_self&#8221; column_shadow=&#8221;none&#8221; column_border_radius=&#8221;none&#8221; width=&#8221;1\/6&#8243; tablet_width_inherit=&#8221;default&#8221; tablet_text_alignment=&#8221;default&#8221; phone_text_alignment=&#8221;default&#8221; overlay_strength=&#8221;0.3&#8243; column_border_width=&#8221;none&#8221; column_border_style=&#8221;solid&#8221; bg_image_animation=&#8221;none&#8221;][\/vc_column][vc_column column_padding=&#8221;no-extra-padding&#8221; column_padding_position=&#8221;all&#8221;&#8230;<\/p>\n","protected":false},"author":1,"featured_media":0,"parent":530,"menu_order":206,"comment_status":"closed","ping_status":"closed","template":"","meta":{"footnotes":""},"class_list":["post-447","page","type-page","status-publish"],"_links":{"self":[{"href":"https:\/\/patientinfo.serf.fr\/fi-se\/wp-json\/wp\/v2\/pages\/447","targetHints":{"allow":["GET"]}}],"collection":[{"href":"https:\/\/patientinfo.serf.fr\/fi-se\/wp-json\/wp\/v2\/pages"}],"about":[{"href":"https:\/\/patientinfo.serf.fr\/fi-se\/wp-json\/wp\/v2\/types\/page"}],"author":[{"embeddable":true,"href":"https:\/\/patientinfo.serf.fr\/fi-se\/wp-json\/wp\/v2\/users\/1"}],"replies":[{"embeddable":true,"href":"https:\/\/patientinfo.serf.fr\/fi-se\/wp-json\/wp\/v2\/comments?post=447"}],"version-history":[{"count":4,"href":"https:\/\/patientinfo.serf.fr\/fi-se\/wp-json\/wp\/v2\/pages\/447\/revisions"}],"predecessor-version":[{"id":1192,"href":"https:\/\/patientinfo.serf.fr\/fi-se\/wp-json\/wp\/v2\/pages\/447\/revisions\/1192"}],"up":[{"embeddable":true,"href":"https:\/\/patientinfo.serf.fr\/fi-se\/wp-json\/wp\/v2\/pages\/530"}],"wp:attachment":[{"href":"https:\/\/patientinfo.serf.fr\/fi-se\/wp-json\/wp\/v2\/media?parent=447"}],"curies":[{"name":"wp","href":"https:\/\/api.w.org\/{rel}","templated":true}]}}