
{"id":1197,"date":"2020-01-23T11:26:36","date_gmt":"2020-01-23T10:26:36","guid":{"rendered":"https:\/\/patientinfo.serf.fr\/?page_id=1197"},"modified":"2020-04-24T14:44:47","modified_gmt":"2020-04-24T12:44:47","slug":"mentions-legales","status":"publish","type":"page","link":"https:\/\/patientinfo.serf.fr\/fr-fr\/mentions-legales\/","title":{"rendered":"Mentions l\u00e9gales"},"content":{"rendered":"[vc_row type=\u00a0\u00bbin_container\u00a0\u00bb full_screen_row_position=\u00a0\u00bbmiddle\u00a0\u00bb scene_position=\u00a0\u00bbcenter\u00a0\u00bb text_color=\u00a0\u00bbdark\u00a0\u00bb text_align=\u00a0\u00bbleft\u00a0\u00bb overlay_strength=\u00a0\u00bb0.3&Prime; shape_divider_position=\u00a0\u00bbbottom\u00a0\u00bb bg_image_animation=\u00a0\u00bbnone\u00a0\u00bb][vc_column column_padding=\u00a0\u00bbpadding-2-percent\u00a0\u00bb column_padding_position=\u00a0\u00bball\u00a0\u00bb background_color=\u00a0\u00bb#ffffff\u00a0\u00bb background_color_opacity=\u00a0\u00bb1&Prime; background_hover_color_opacity=\u00a0\u00bb1&Prime; column_link_target=\u00a0\u00bb_self\u00a0\u00bb column_shadow=\u00a0\u00bbnone\u00a0\u00bb column_border_radius=\u00a0\u00bbnone\u00a0\u00bb width=\u00a0\u00bb1\/1&Prime; tablet_width_inherit=\u00a0\u00bbdefault\u00a0\u00bb tablet_text_alignment=\u00a0\u00bbdefault\u00a0\u00bb phone_text_alignment=\u00a0\u00bbdefault\u00a0\u00bb column_border_width=\u00a0\u00bbnone\u00a0\u00bb column_border_style=\u00a0\u00bbsolid\u00a0\u00bb bg_image_animation=\u00a0\u00bbnone\u00a0\u00bb][vc_column_text]Site \u00e9dit\u00e9 par SERF (Groupe Menix) \u2013 fabricant &#8211; dont le si\u00e8ge social est situ\u00e9\u00a0:<\/p>\n<p>85 avenue des Bruy\u00e8res<br \/>\n69150 D\u00e9cines-Charpieu<br \/>\nFrance<\/p>\n<p>Tel.\u00a0: +33 (0)4 72 05 60 10<br \/>\nFax.\u00a0: +33 (0)4 72 02 19 18<\/p>\n<p>Mail\u00a0: serf@serf.fr<\/p>\n<p>La soci\u00e9t\u00e9 SERF est une Soci\u00e9t\u00e9 par Actions Simplifi\u00e9e au capital de 1 534 150 Euros immatricul\u00e9e au RCS de Lyon sous le num\u00e9ro B973504509.<\/p>\n<p>Conformit\u00e9 NF EN ISO 13485: 2016<br \/>\nConformit\u00e9 avec la directive 93\/42\/CEE relatives aux dispositifs m\u00e9dicaux, amend\u00e9e par la Directive 2007\/47\/CE.<br \/>\nConformit\u00e9 avec les exigences du 21 CFR Part 820.<\/p>\n<p>N\u00b0 de TVA\u00a0: FR00973504509<\/p>\n<p>Directeur de la publication\u00a0: Monsieur Patrick Rondot, Pr\u00e9sident Directeur G\u00e9n\u00e9ral du Groupe Menix<\/p>\n<p>Marques d\u00e9pos\u00e9es\u00a0:<\/p>\n<p>Novae, Libra, Kroma et F.A.S.T sont des marques d\u00e9pos\u00e9es par Serf.<\/p>\n<p>H\u00e9bergement du site &#038; Cr\u00e9ation graphique:<br \/>\nH\u00e9bergement du site\u00a0: OVH &#8211; 2 rue Kellermann 59100 Roubaix \u2013 France<br \/>\nCr\u00e9ation graphique\u00a0: Harvest \u2013 21 rue d\u2019Alg\u00e9rie 69001 Lyon \u2013 France \/ tel.\u00a0: +33 (0)4 82 53 39 99<\/p>\n<p>Conditions d\u2019acc\u00e8s au site<\/p>\n<p>La soci\u00e9t\u00e9 SERF fabrique et\/ou distribue des dispositifs m\u00e9dicaux.<br \/>\nA ce titre, elle est notamment soumise au respect de la loi du 29 d\u00e9cembre 2011 relative au renforcement de la s\u00e9curit\u00e9 sanitaire du m\u00e9dicament et des produits de sant\u00e9, dite Loi Bertrand. Cette loi interdit toute publicit\u00e9 des Dispositifs m\u00e9dicaux de classe II b et III remboursables aupr\u00e8s du grand public.<br \/>\nBien que le pr\u00e9sent site ne pr\u00e9sente aucun document publicitaire mais uniquement des fiches techniques, la soci\u00e9t\u00e9 SERF a d\u00e9cid\u00e9 de restreindre l\u2019acc\u00e8s uniquement \u00e0 des professionnels de sant\u00e9.<\/p>\n<p>Confidentialit\u00e9<\/p>\n<p>Les donn\u00e9es personnelles recueillies sur le site r\u00e9sultent de la communication volontaire d\u2019informations via les formulaires pr\u00e9sents sur ce site. Ces donn\u00e9es sont exclusivement collect\u00e9es pour un usage interne \u00e0 la soci\u00e9t\u00e9 SERF : transmission des informations demand\u00e9es ou gestion de l\u2019envoi de la lettre d\u2019information. Aucune information personnelle n\u2019est collect\u00e9e \u00e0 l\u2019insu de l\u2019utilisateur du site.<br \/>\nLa soci\u00e9t\u00e9 SERF s\u2019engage \u00e0 ce que les informations personnelles priv\u00e9es collect\u00e9es ne soient ni revendues, ni communiqu\u00e9es \u00e0 des tiers.<br \/>\nLes donn\u00e9es personnelles concernant l\u2019utilisateur, d\u00e8s lors qu\u2019elles sont collect\u00e9es, feront l\u2019objet d\u2019un traitement automatis\u00e9 et pourront \u00eatre destin\u00e9es \u00e0 le contacter.<br \/>\nDans un souci de transparence et de protection de vos droits, SERF ne se procurera pas d\u2019informations permettant de vous identifier personnellement sauf \u00e0 ce que vous les communiquiez en nous adressant un e-mail personnalis\u00e9.<br \/>\nConform\u00e9ment aux dispositions de la loi n\u00b078-17 du 6 janvier 1978, relative \u00e0 l\u2019informatique, aux fichiers et aux libert\u00e9s ; modifi\u00e9e par la loi n\u00b02004-801 du 6 ao\u00fbt 2004 relative \u00e0 la protection des personnes physiques \u00e0 l\u2019\u00e9gard du traitement des donn\u00e9es \u00e0 caract\u00e8re personnel, ce site a fait l\u2019objet d\u2019une d\u00e9claration \u00e0 la CNIL sous le n\u00b0 1338798.<br \/>\nL\u2019utilisateur dispose d\u2019un droit d\u2019acc\u00e8s, de modification, de rectification et de suppression des donn\u00e9es personnelles le concernant.<br \/>\nPour l\u2019exercer, adressez-vous \u00e0 la soci\u00e9t\u00e9 SERF, en envoyant une demande par e.mail : serf@serf.fr ou \u00e0 l\u2019adresse suivante: SERF &#8211; 85 avenue des Bruy\u00e8res &#8211; 69150 D\u00e9cines-Charpieu.<\/p>\n<p>Propri\u00e9t\u00e9 Intellectuelle<\/p>\n<p>Le pr\u00e9sent site constitue une \u0153uvre dont la soci\u00e9t\u00e9 SERF est l\u2019auteur au sens des articles L. 111.1 et suivants du Code de la propri\u00e9t\u00e9 intellectuelle.<br \/>\nLa structure g\u00e9n\u00e9rale, les textes, logos, repr\u00e9sentations photographiques, vid\u00e9os, documents t\u00e9l\u00e9chargeables, dessins et tout autre \u00e9l\u00e9ment composant le site sont la propri\u00e9t\u00e9 exclusive de la soci\u00e9t\u00e9 SERF.<br \/>\nLes reproductions, sur un support papier ou informatique, dudit site ne sont pas autoris\u00e9es.<br \/>\nA l\u2019exception des dispositions ci-dessus, toute reproduction ou repr\u00e9sentation totale ou partielle de ce site par quelque proc\u00e9d\u00e9 que ce soit, sans notre autorisation expresse, est interdite et constituerait une contrefa\u00e7on sanctionn\u00e9e par les articles L. 355-2 et suivants du Code de la propri\u00e9t\u00e9 intellectuelle, puni de deux ans d\u2019emprisonnement et de 150.000 Euros d\u2019amende.<\/p>\n<p>Les utilisateurs sont formellement inform\u00e9s que les sites auxquels ils peuvent acc\u00e9der par l\u2019interm\u00e9diaire des liens hypertextes ne nous appartiennent pas. SERF d\u00e9cline toute responsabilit\u00e9 quant au contenu des informations fournies sur ces sites au titre de l\u2019activation du lien. Toute cr\u00e9ation par un tiers, de lien hypertexte en direction de l\u2019une quelconque des pages ou cadres du pr\u00e9sent site n\u00e9cessite notre accord pr\u00e9alable.<\/p>\n<p>Donn\u00e9es \u00e0 caract\u00e8re non personnel<\/p>\n<p>Nous sommes susceptibles d\u2019obtenir des renseignements obtenus automatiquement mais qui ne peuvent, en aucun cas, \u00eatre associ\u00e9s \u00e0 une personne. Ces renseignements concernent le type de navigateur Internet que vous utilisez, le syst\u00e8me de votre ordinateur et le nom du domaine par lequel vous avez acc\u00e9d\u00e9 \u00e0 notre site.<\/p>\n<p>Limitation de responsabilit\u00e9s<\/p>\n<p>La responsabilit\u00e9 de la soci\u00e9t\u00e9 SERF ne saurait \u00eatre engag\u00e9e par l\u2019utilisateur ou qui que ce soit d\u2019autre relativement \u00e0 toute proc\u00e9dure ou mesure qui aurait \u00e9t\u00e9 prise sur la base des informations fournies sur le pr\u00e9sent site internet ou pour tout dommage indirect, sp\u00e9cial ou similaire.<\/p>\n<p>Les informations reprises sur ce site internet sont fournies sans garantie aucune (qu\u2019elle soit expresse ou tacite) quant \u00e0 leur exactitude ou \u00e0 leur caract\u00e8re complet, \u00e0 leur ponctualit\u00e9 ou \u00e0 leur caract\u00e8re exhaustif. Il en est de m\u00eame des garanties implicites quant \u00e0 l\u2019usage.<\/p>\n<p>La soci\u00e9t\u00e9 SERF se r\u00e9serve par ailleurs le droit d\u2019interrompre ou arr\u00eater tout ou partie des fonctionnalit\u00e9s de ce site internet ou de modifier son contenu sans pr\u00e9avis. En outre, il n\u2019existe \u00e0 la charge de SERF aucune obligation de mise \u00e0 jour de ce site internet.<\/p>\n<p>Toute r\u00e9f\u00e9rence \u00e0 un produit ou service de SERF ou d\u2019une de ses filiales, qui serait donn\u00e9e sur le pr\u00e9sent site n\u2019implique pas que celui-ci est ou sera disponible dans votre pays o\u00f9 il peut \u00eatre soumis \u00e0 des r\u00e8glementations et conditions d\u2019utilisation diff\u00e9rentes. Cette r\u00e9f\u00e9rence n\u2019implique aucune intention de la part de SERF ou de l\u2019une de ses filiales de vendre ce produit ou service dans votre pays. Il vous appartient d\u00e8s lors de ne vous fonder que sur les informations relatives aux produits qui auront \u00e9t\u00e9 cr\u00e9\u00e9es sp\u00e9cialement pour votre pays.<\/p>\n<p>Les liens vers d\u2019autres sites internet ne sont fournis que pour la commodit\u00e9 de l\u2019utilisateur du pr\u00e9sent site. La soci\u00e9t\u00e9 SERF n\u2019exprime aucun avis quant au contenu des pages auxquelles ces liens renvoient. La responsabilit\u00e9 de SERF ne saurait \u00eatre retenue.<\/p>\n<p>Lors de votre visite sur ce site, nous sommes susceptibles d\u2019implanter des cookies sur votre ordinateur. Un cookie ne nous permet pas de vous identifier. De mani\u00e8re g\u00e9n\u00e9rale, il enregistre des informations relatives \u00e0 la navigation de votre ordinateur sur notre site (les pages que vous avez consult\u00e9es, la date et l\u2019heure de la consultation, etc.) que nous pourrons lire lors de vos visites ult\u00e9rieures. En l\u2019esp\u00e8ce, il contient les informations de navigation que vous venez de nous fournir.<\/p>\n<p>Ceux-ci n\u2019ont aucune signification en dehors de leur utilisation sur le site www.serf.fr.<\/p>\n<p>Vous pouvez naturellement vous opposer \u00e0 l\u2019enregistrement de cookies en configurant votre navigateur en cons\u00e9quence. Vous pouvez \u00e9galement supprimer les cookies \u00e0 tout moment et individuellement en vous rapportant au manuel d\u2019utilisation de votre syst\u00e8me d\u2019exploitation.<\/p>\n<p>Droit applicable<\/p>\n<p>Le pr\u00e9sent site est exclusivement r\u00e9gi par le droit interne fran\u00e7ais et par les conventions internationales applicables en France. La langue des mentions l\u00e9gales est la langue fran\u00e7aise. En cas de litige, les tribunaux fran\u00e7ais seront seuls comp\u00e9tents.[\/vc_column_text][\/vc_column][\/vc_row]\n","protected":false},"excerpt":{"rendered":"<p>[vc_row type=\u00a0\u00bbin_container\u00a0\u00bb full_screen_row_position=\u00a0\u00bbmiddle\u00a0\u00bb scene_position=\u00a0\u00bbcenter\u00a0\u00bb text_color=\u00a0\u00bbdark\u00a0\u00bb text_align=\u00a0\u00bbleft\u00a0\u00bb overlay_strength=\u00a0\u00bb0.3&Prime; shape_divider_position=\u00a0\u00bbbottom\u00a0\u00bb bg_image_animation=\u00a0\u00bbnone\u00a0\u00bb][vc_column column_padding=\u00a0\u00bbpadding-2-percent\u00a0\u00bb column_padding_position=\u00a0\u00bball\u00a0\u00bb background_color=\u00a0\u00bb#ffffff\u00a0\u00bb background_color_opacity=\u00a0\u00bb1&Prime; background_hover_color_opacity=\u00a0\u00bb1&Prime; column_link_target=\u00a0\u00bb_self\u00a0\u00bb column_shadow=\u00a0\u00bbnone\u00a0\u00bb column_border_radius=\u00a0\u00bbnone\u00a0\u00bb width=\u00a0\u00bb1\/1&Prime; tablet_width_inherit=\u00a0\u00bbdefault\u00a0\u00bb tablet_text_alignment=\u00a0\u00bbdefault\u00a0\u00bb phone_text_alignment=\u00a0\u00bbdefault\u00a0\u00bb column_border_width=\u00a0\u00bbnone\u00a0\u00bb column_border_style=\u00a0\u00bbsolid\u00a0\u00bb bg_image_animation=\u00a0\u00bbnone\u00a0\u00bb][vc_column_text]Site \u00e9dit\u00e9 par SERF (Groupe Menix) \u2013&#8230;<\/p>\n","protected":false},"author":1,"featured_media":0,"parent":0,"menu_order":334,"comment_status":"closed","ping_status":"closed","template":"","meta":{"footnotes":""},"class_list":["post-1197","page","type-page","status-publish"],"_links":{"self":[{"href":"https:\/\/patientinfo.serf.fr\/fr-fr\/wp-json\/wp\/v2\/pages\/1197","targetHints":{"allow":["GET"]}}],"collection":[{"href":"https:\/\/patientinfo.serf.fr\/fr-fr\/wp-json\/wp\/v2\/pages"}],"about":[{"href":"https:\/\/patientinfo.serf.fr\/fr-fr\/wp-json\/wp\/v2\/types\/page"}],"author":[{"embeddable":true,"href":"https:\/\/patientinfo.serf.fr\/fr-fr\/wp-json\/wp\/v2\/users\/1"}],"replies":[{"embeddable":true,"href":"https:\/\/patientinfo.serf.fr\/fr-fr\/wp-json\/wp\/v2\/comments?post=1197"}],"version-history":[{"count":2,"href":"https:\/\/patientinfo.serf.fr\/fr-fr\/wp-json\/wp\/v2\/pages\/1197\/revisions"}],"predecessor-version":[{"id":1232,"href":"https:\/\/patientinfo.serf.fr\/fr-fr\/wp-json\/wp\/v2\/pages\/1197\/revisions\/1232"}],"wp:attachment":[{"href":"https:\/\/patientinfo.serf.fr\/fr-fr\/wp-json\/wp\/v2\/media?parent=1197"}],"curies":[{"name":"wp","href":"https:\/\/api.w.org\/{rel}","templated":true}]}}