
{"id":70,"date":"2020-04-14T22:42:42","date_gmt":"2020-04-14T20:42:42","guid":{"rendered":"https:\/\/patientinfo.serf.fr\/?page_id=70"},"modified":"2020-04-20T19:20:46","modified_gmt":"2020-04-20T17:20:46","slug":"cupules-acetabulaires","status":"publish","type":"page","link":"https:\/\/patientinfo.serf.fr\/fr-fr\/articulation\/hanche\/cupules-acetabulaires\/","title":{"rendered":"CUPULES ACETABULAIRES"},"content":{"rendered":"[vc_row type=\u00a0\u00bbfull_width_content\u00a0\u00bb full_screen_row_position=\u00a0\u00bbmiddle\u00a0\u00bb column_margin=\u00a0\u00bbnone\u00a0\u00bb bg_color=\u00a0\u00bb#363d46&Prime; scene_position=\u00a0\u00bbcenter\u00a0\u00bb text_color=\u00a0\u00bblight\u00a0\u00bb text_align=\u00a0\u00bbleft\u00a0\u00bb top_padding=\u00a0\u00bb2%\u00a0\u00bb overlay_strength=\u00a0\u00bb0.3&Prime; shape_divider_position=\u00a0\u00bbbottom\u00a0\u00bb bg_image_animation=\u00a0\u00bbnone\u00a0\u00bb shape_type=\u00a0\u00bb\u00a0\u00bb][vc_column column_padding=\u00a0\u00bbno-extra-padding\u00a0\u00bb column_padding_position=\u00a0\u00bball\u00a0\u00bb background_color_opacity=\u00a0\u00bb1&Prime; background_hover_color_opacity=\u00a0\u00bb1&Prime; column_link_target=\u00a0\u00bb_self\u00a0\u00bb column_shadow=\u00a0\u00bbnone\u00a0\u00bb column_border_radius=\u00a0\u00bbnone\u00a0\u00bb width=\u00a0\u00bb1\/6&Prime; tablet_width_inherit=\u00a0\u00bbdefault\u00a0\u00bb tablet_text_alignment=\u00a0\u00bbdefault\u00a0\u00bb phone_text_alignment=\u00a0\u00bbdefault\u00a0\u00bb overlay_strength=\u00a0\u00bb0.3&Prime; column_border_width=\u00a0\u00bbnone\u00a0\u00bb column_border_style=\u00a0\u00bbsolid\u00a0\u00bb bg_image_animation=\u00a0\u00bbnone\u00a0\u00bb][\/vc_column][vc_column column_padding=\u00a0\u00bbno-extra-padding\u00a0\u00bb column_padding_position=\u00a0\u00bball\u00a0\u00bb background_color_opacity=\u00a0\u00bb1&Prime; background_hover_color_opacity=\u00a0\u00bb1&Prime; column_link_target=\u00a0\u00bb_self\u00a0\u00bb column_shadow=\u00a0\u00bbnone\u00a0\u00bb column_border_radius=\u00a0\u00bbnone\u00a0\u00bb width=\u00a0\u00bb2\/3&Prime; tablet_width_inherit=\u00a0\u00bbdefault\u00a0\u00bb tablet_text_alignment=\u00a0\u00bbdefault\u00a0\u00bb phone_text_alignment=\u00a0\u00bbdefault\u00a0\u00bb overlay_strength=\u00a0\u00bb0.3&Prime; column_border_width=\u00a0\u00bbnone\u00a0\u00bb column_border_style=\u00a0\u00bbsolid\u00a0\u00bb bg_image_animation=\u00a0\u00bbnone\u00a0\u00bb][vc_row_inner column_margin=\u00a0\u00bbdefault\u00a0\u00bb text_align=\u00a0\u00bbleft\u00a0\u00bb][vc_column_inner column_padding=\u00a0\u00bbno-extra-padding\u00a0\u00bb column_padding_position=\u00a0\u00bball\u00a0\u00bb centered_text=\u00a0\u00bbtrue\u00a0\u00bb background_color_opacity=\u00a0\u00bb1&Prime; background_hover_color_opacity=\u00a0\u00bb1&Prime; column_shadow=\u00a0\u00bbnone\u00a0\u00bb column_border_radius=\u00a0\u00bbnone\u00a0\u00bb column_link_target=\u00a0\u00bb_self\u00a0\u00bb el_class=\u00a0\u00bbflexwrap\u00a0\u00bb width=\u00a0\u00bb1\/1&Prime; tablet_width_inherit=\u00a0\u00bbdefault\u00a0\u00bb overlay_strength=\u00a0\u00bb0.3&Prime; column_border_width=\u00a0\u00bbnone\u00a0\u00bb column_border_style=\u00a0\u00bbsolid\u00a0\u00bb bg_image_animation=\u00a0\u00bbnone\u00a0\u00bb enable_animation=\u00a0\u00bbtrue\u00a0\u00bb animation=\u00a0\u00bbfade-in\u00a0\u00bb delay=\u00a0\u00bb0&Prime;][vc_raw_html]JTNDZGl2JTIwY2xhc3MlM0QlMjJuZWN0YXJfaWNvbl93cmFwJTIyJTIwZGF0YS1zdHlsZSUzRCUyMmRlZmF1bHQlMjIlMjBkYXRhLWRyYXclM0QlMjIlMjIlMjBkYXRhLWJvcmRlci10aGlja25lc3MlM0QlMjIycHglMjIlMjBkYXRhLXBhZGRpbmclM0QlMjIyMHB4JTIyJTIwZGF0YS1jb2xvciUzRCUyMndoaXRlJTIyJTIwc3R5bGUlM0QlMjIlMjIlM0UlMEElMDklMDklM0NkaXYlMjBjbGFzcyUzRCUyMm5lY3Rhcl9pY29uJTIyJTNFJTNDYSUyMGhyZWYlM0QlMjJqYXZhc2NyaXB0JTNBaGlzdG9yeS5iYWNrJTI4JTI5JTNCJTIyJTNFJTNDJTJGYSUzRSUzQ2klMjBzdHlsZSUzRCUyMmZvbnQtc2l6ZSUzQSUyMDUwcHglM0IlMjBsaW5lLWhlaWdodCUzQSUyMDUwcHglM0IlMjBoZWlnaHQlM0ElMjA1MHB4JTNCJTIwd2lkdGglM0ElMjA1MHB4JTNCJTIyJTIwY2xhc3MlM0QlMjJmYSUyMGZhLWFuZ2xlLWxlZnQlMjIlM0UlM0MlMkZpJTNFJTNDJTJGZGl2JTNFJTBBJTA5JTNDJTJGZGl2JTNF[\/vc_raw_html][image_with_animation image_url=\u00a0\u00bb152&Prime; alignment=\u00a0\u00bb\u00a0\u00bb animation=\u00a0\u00bbFade In\u00a0\u00bb hover_animation=\u00a0\u00bbnone\u00a0\u00bb border_radius=\u00a0\u00bbnone\u00a0\u00bb box_shadow=\u00a0\u00bbnone\u00a0\u00bb image_loading=\u00a0\u00bbdefault\u00a0\u00bb max_width=\u00a0\u00bb100%\u00a0\u00bb max_width_mobile=\u00a0\u00bbdefault\u00a0\u00bb margin_right=\u00a0\u00bb15px\u00a0\u00bb][vc_column_text]\n<h2><strong>CUPULES<\/strong><br \/>\n<em>ac\u00e9tabulaires<\/em><\/h2>\n[\/vc_column_text][\/vc_column_inner][\/vc_row_inner][\/vc_column][vc_column column_padding=\u00a0\u00bbno-extra-padding\u00a0\u00bb column_padding_position=\u00a0\u00bball\u00a0\u00bb background_color_opacity=\u00a0\u00bb1&Prime; background_hover_color_opacity=\u00a0\u00bb1&Prime; column_link_target=\u00a0\u00bb_self\u00a0\u00bb column_shadow=\u00a0\u00bbnone\u00a0\u00bb column_border_radius=\u00a0\u00bbnone\u00a0\u00bb width=\u00a0\u00bb1\/6&Prime; tablet_width_inherit=\u00a0\u00bbdefault\u00a0\u00bb tablet_text_alignment=\u00a0\u00bbdefault\u00a0\u00bb phone_text_alignment=\u00a0\u00bbdefault\u00a0\u00bb overlay_strength=\u00a0\u00bb0.3&Prime; column_border_width=\u00a0\u00bbnone\u00a0\u00bb column_border_style=\u00a0\u00bbsolid\u00a0\u00bb bg_image_animation=\u00a0\u00bbnone\u00a0\u00bb][\/vc_column][\/vc_row][vc_row type=\u00a0\u00bbfull_width_content\u00a0\u00bb full_screen_row_position=\u00a0\u00bbmiddle\u00a0\u00bb column_margin=\u00a0\u00bbnone\u00a0\u00bb bg_color=\u00a0\u00bb#363d46&Prime; scene_position=\u00a0\u00bbcenter\u00a0\u00bb text_color=\u00a0\u00bbdark\u00a0\u00bb text_align=\u00a0\u00bbleft\u00a0\u00bb overlay_strength=\u00a0\u00bb0.3&Prime; shape_divider_position=\u00a0\u00bbbottom\u00a0\u00bb bg_image_animation=\u00a0\u00bbnone\u00a0\u00bb shape_type=\u00a0\u00bb\u00a0\u00bb][vc_column column_padding=\u00a0\u00bbno-extra-padding\u00a0\u00bb column_padding_position=\u00a0\u00bball\u00a0\u00bb background_color_opacity=\u00a0\u00bb1&Prime; background_hover_color_opacity=\u00a0\u00bb1&Prime; column_link_target=\u00a0\u00bb_self\u00a0\u00bb column_shadow=\u00a0\u00bbnone\u00a0\u00bb column_border_radius=\u00a0\u00bbnone\u00a0\u00bb width=\u00a0\u00bb1\/1&Prime; tablet_width_inherit=\u00a0\u00bbdefault\u00a0\u00bb tablet_text_alignment=\u00a0\u00bbdefault\u00a0\u00bb phone_text_alignment=\u00a0\u00bbdefault\u00a0\u00bb overlay_strength=\u00a0\u00bb0.3&Prime; column_border_width=\u00a0\u00bbnone\u00a0\u00bb column_border_style=\u00a0\u00bbsolid\u00a0\u00bb bg_image_animation=\u00a0\u00bbnone\u00a0\u00bb][vc_row_inner column_margin=\u00a0\u00bbdefault\u00a0\u00bb text_align=\u00a0\u00bbleft\u00a0\u00bb][vc_column_inner column_padding=\u00a0\u00bbno-extra-padding\u00a0\u00bb column_padding_position=\u00a0\u00bball\u00a0\u00bb background_color_opacity=\u00a0\u00bb1&Prime; background_hover_color_opacity=\u00a0\u00bb1&Prime; column_shadow=\u00a0\u00bbnone\u00a0\u00bb column_border_radius=\u00a0\u00bbnone\u00a0\u00bb column_link_target=\u00a0\u00bb_self\u00a0\u00bb width=\u00a0\u00bb1\/1&Prime; tablet_width_inherit=\u00a0\u00bbdefault\u00a0\u00bb overlay_strength=\u00a0\u00bb0.3&Prime; column_border_width=\u00a0\u00bbnone\u00a0\u00bb column_border_style=\u00a0\u00bbsolid\u00a0\u00bb bg_image_animation=\u00a0\u00bbnone\u00a0\u00bb enable_animation=\u00a0\u00bbtrue\u00a0\u00bb animation=\u00a0\u00bbfade-in\u00a0\u00bb delay=\u00a0\u00bb10&Prime;][vc_column_text]<ul class=\"dlm-downloads\"><li><aside class=\"download-box\">\n\t<a class=\"download-button\" title=\"HYPE - Cupule sans ciment\" href=\"https:\/\/patientinfo.serf.fr\/fr-fr\/download\/hype-cupule-sans-ciment\/?tmstv=1778074729\" rel=\"nofollow\" target=\"_blank\">\n\t\t\t\t\t\n\t<div class=\"img\">\n\t\t<img loading=\"lazy\" decoding=\"async\" width=\"457\" height=\"332\" src=\"https:\/\/patientinfo.serf.fr\/wp-content\/uploads\/\u00e9tiquette-cotyle-HYPE-1.png\" class=\"attachment-full size-full wp-post-image\" alt=\"\" \/>\t<\/div>\n\n<!--\n\t<div class=\"download-box-content\">\n\n\t\t<h3>HYPE - Cupule sans ciment<\/h3>\n\n\t\t\n\t\t<a class=\"download-button\" title=\"\" href=\"https:\/\/patientinfo.serf.fr\/fr-fr\/download\/hype-cupule-sans-ciment\/?tmstv=1778074729\" rel=\"nofollow\">\n\t\t\tT\u00e9l\u00e9charger le fichier\t\t\t<small>SFRAIPHYPECUP-rev02.0_FR.pdf &ndash; 314,45 Ko<\/small>\n\t\t<\/a>\n\n\t<\/div>\n-->\n\t<\/a>\n<\/aside>\n\n\n<\/li><li><aside class=\"download-box\">\n\t<a class=\"download-button\" title=\"HIC - Insert c\u00e9ramique BIOLOX\u00ae Delta\" href=\"https:\/\/patientinfo.serf.fr\/fr-fr\/download\/hic-insert-ceramique\/?tmstv=1778074729\" rel=\"nofollow\" target=\"_blank\">\n\t\t\t\t\t\n\t<div class=\"img\">\n\t\t<img loading=\"lazy\" decoding=\"async\" width=\"460\" height=\"338\" src=\"https:\/\/patientinfo.serf.fr\/wp-content\/uploads\/\u00e9tiquette-HIC.png\" class=\"attachment-full size-full wp-post-image\" alt=\"\" \/>\t<\/div>\n\n<!--\n\t<div class=\"download-box-content\">\n\n\t\t<h3>HIC - Insert c\u00e9ramique BIOLOX\u00ae Delta<\/h3>\n\n\t\t\n\t\t<a class=\"download-button\" title=\"\" href=\"https:\/\/patientinfo.serf.fr\/fr-fr\/download\/hic-insert-ceramique\/?tmstv=1778074729\" rel=\"nofollow\">\n\t\t\tT\u00e9l\u00e9charger le fichier\t\t\t<small>SFRAIPHYPECUP-rev02.0_FR.pdf &ndash; 314,45 Ko<\/small>\n\t\t<\/a>\n\n\t<\/div>\n-->\n\t<\/a>\n<\/aside>\n\n\n<\/li><li><aside class=\"download-box\">\n\t<a class=\"download-button\" title=\"HIPER - Insert poly\u00e9thyl\u00e8ne \u00e0 rebord\" href=\"https:\/\/patientinfo.serf.fr\/fr-fr\/download\/hiper-insert-polyethylene\/?tmstv=1778074729\" rel=\"nofollow\" target=\"_blank\">\n\t\t\t\t\t\n\t<div class=\"img\">\n\t\t<img loading=\"lazy\" decoding=\"async\" width=\"457\" height=\"336\" src=\"https:\/\/patientinfo.serf.fr\/wp-content\/uploads\/\u00e9tiquette-HIPER.png\" class=\"attachment-full size-full wp-post-image\" alt=\"\" \/>\t<\/div>\n\n<!--\n\t<div class=\"download-box-content\">\n\n\t\t<h3>HIPER - Insert poly\u00e9thyl\u00e8ne \u00e0 rebord<\/h3>\n\n\t\t\n\t\t<a class=\"download-button\" title=\"\" href=\"https:\/\/patientinfo.serf.fr\/fr-fr\/download\/hiper-insert-polyethylene\/?tmstv=1778074729\" rel=\"nofollow\">\n\t\t\tT\u00e9l\u00e9charger le fichier\t\t\t<small>SFRAIPHYPECUP-rev02.0_FR.pdf &ndash; 314,45 Ko<\/small>\n\t\t<\/a>\n\n\t<\/div>\n-->\n\t<\/a>\n<\/aside>\n\n\n<\/li><li><aside class=\"download-box\">\n\t<a class=\"download-button\" title=\"NOVAE E TH- Cotyle double mobilit\u00e9 non ciment\u00e9 avec deux plots + pr\u00e9henseur\" href=\"https:\/\/patientinfo.serf.fr\/fr-fr\/download\/novae-cotyle-double-mobilite-non-cimente-avec-deux-plots-prehenseur\/?tmstv=1778074729\" rel=\"nofollow\" target=\"_blank\">\n\t\t\t\t\t\n\t<div class=\"img\">\n\t\t<img loading=\"lazy\" decoding=\"async\" width=\"443\" height=\"341\" src=\"https:\/\/patientinfo.serf.fr\/wp-content\/uploads\/NOVAE-E-TH.png\" class=\"attachment-full size-full wp-post-image\" alt=\"\" \/>\t<\/div>\n\n<!--\n\t<div class=\"download-box-content\">\n\n\t\t<h3>NOVAE E TH- Cotyle double mobilit\u00e9 non ciment\u00e9 avec deux plots + pr\u00e9henseur<\/h3>\n\n\t\t\n\t\t<a class=\"download-button\" title=\"\" href=\"https:\/\/patientinfo.serf.fr\/fr-fr\/download\/novae-cotyle-double-mobilite-non-cimente-avec-deux-plots-prehenseur\/?tmstv=1778074729\" rel=\"nofollow\">\n\t\t\tT\u00e9l\u00e9charger le fichier\t\t\t<small>SFRAIPNOVAESC-Rev.02-FR-Information-patient.pdf &ndash; 227,90 Ko<\/small>\n\t\t<\/a>\n\n\t<\/div>\n-->\n\t<\/a>\n<\/aside>\n\n\n<\/li><li><aside class=\"download-box\">\n\t<a class=\"download-button\" title=\"Coptos TH Cotyle double mobilit\u00e9 non ciment\u00e9 avec deux plots + pr\u00e9henseur\" href=\"https:\/\/patientinfo.serf.fr\/fr-fr\/download\/coptos-th-cotyle-double-mobilite-non-cimente-avec-deux-plots-prehenseur\/?tmstv=1778074729\" rel=\"nofollow\" target=\"_blank\">\n\t\t\t\t\t\n\t<div class=\"img\">\n\t\t<img loading=\"lazy\" decoding=\"async\" width=\"442\" height=\"337\" src=\"https:\/\/patientinfo.serf.fr\/wp-content\/uploads\/NOVAE-COPTOS-TH-1.png\" class=\"attachment-full size-full wp-post-image\" alt=\"\" \/>\t<\/div>\n\n<!--\n\t<div class=\"download-box-content\">\n\n\t\t<h3>Coptos TH Cotyle double mobilit\u00e9 non ciment\u00e9 avec deux plots + pr\u00e9henseur<\/h3>\n\n\t\t\n\t\t<a class=\"download-button\" title=\"\" href=\"https:\/\/patientinfo.serf.fr\/fr-fr\/download\/coptos-th-cotyle-double-mobilite-non-cimente-avec-deux-plots-prehenseur\/?tmstv=1778074729\" rel=\"nofollow\">\n\t\t\tT\u00e9l\u00e9charger le fichier\t\t\t<small>SFRAIPNOVAESC-Rev.02-FR-Information-patient.pdf &ndash; 227,90 Ko<\/small>\n\t\t<\/a>\n\n\t<\/div>\n-->\n\t<\/a>\n<\/aside>\n\n\n<\/li><li><aside class=\"download-box\">\n\t<a class=\"download-button\" title=\"SUNFIT TH Cotyle double mobilit\u00e9 non ciment\u00e9 + pr\u00e9henseur\" href=\"https:\/\/patientinfo.serf.fr\/fr-fr\/download\/sunfit-th-cotyle-double-mobilite-non-cimente-prehenseur\/?tmstv=1778074729\" rel=\"nofollow\" target=\"_blank\">\n\t\t\t\t\t\n\t<div class=\"img\">\n\t\t<img loading=\"lazy\" decoding=\"async\" width=\"432\" height=\"333\" src=\"https:\/\/patientinfo.serf.fr\/wp-content\/uploads\/NOVAE-SUNFIT-TH.png\" class=\"attachment-full size-full wp-post-image\" alt=\"\" \/>\t<\/div>\n\n<!--\n\t<div class=\"download-box-content\">\n\n\t\t<h3>SUNFIT TH Cotyle double mobilit\u00e9 non ciment\u00e9 + pr\u00e9henseur<\/h3>\n\n\t\t\n\t\t<a class=\"download-button\" title=\"\" href=\"https:\/\/patientinfo.serf.fr\/fr-fr\/download\/sunfit-th-cotyle-double-mobilite-non-cimente-prehenseur\/?tmstv=1778074729\" rel=\"nofollow\">\n\t\t\tT\u00e9l\u00e9charger le fichier\t\t\t<small>SFRAIPNOVAESC-Rev.02-FR-Information-patient.pdf &ndash; 227,90 Ko<\/small>\n\t\t<\/a>\n\n\t<\/div>\n-->\n\t<\/a>\n<\/aside>\n\n\n<\/li><li><aside class=\"download-box\">\n\t<a class=\"download-button\" title=\"BI-MENTUM\u2122 PressFit Cup Cotyle double mobilit\u00e9 non ciment\u00e9\" href=\"https:\/\/patientinfo.serf.fr\/fr-fr\/download\/bi-mentum-pressfit-cup-cotyle-double-mobilite-non-cimente\/?tmstv=1778074729\" rel=\"nofollow\" target=\"_blank\">\n\t\t\t\t\t\n\t<div class=\"img\">\n\t\t<img loading=\"lazy\" decoding=\"async\" width=\"889\" height=\"683\" src=\"https:\/\/patientinfo.serf.fr\/wp-content\/uploads\/BI-MENTUM-PressFit-Cup.png\" class=\"attachment-full size-full wp-post-image\" alt=\"\" \/>\t<\/div>\n\n<!--\n\t<div class=\"download-box-content\">\n\n\t\t<h3>BI-MENTUM\u2122 PressFit Cup Cotyle double mobilit\u00e9 non ciment\u00e9<\/h3>\n\n\t\t\n\t\t<a class=\"download-button\" title=\"\" href=\"https:\/\/patientinfo.serf.fr\/fr-fr\/download\/bi-mentum-pressfit-cup-cotyle-double-mobilite-non-cimente\/?tmstv=1778074729\" rel=\"nofollow\">\n\t\t\tT\u00e9l\u00e9charger le fichier\t\t\t<small>SFRAIPBMSC-Rev.02-FR-Information-patient.pdf &ndash; 300,94 Ko<\/small>\n\t\t<\/a>\n\n\t<\/div>\n-->\n\t<\/a>\n<\/aside>\n\n\n<\/li><li><aside class=\"download-box\">\n\t<a class=\"download-button\" title=\"BI-MENTUM\u2122 Revision Cup Cotyle double mobilit\u00e9 non ciment\u00e9 avec deux plots\" href=\"https:\/\/patientinfo.serf.fr\/fr-fr\/download\/bi-mentum-revision-cup-cotyle-double-mobilite-non-cimente-avec-deux-plots\/?tmstv=1778074729\" rel=\"nofollow\" target=\"_blank\">\n\t\t\t\t\t\n\t<div class=\"img\">\n\t\t<img loading=\"lazy\" decoding=\"async\" width=\"885\" height=\"675\" src=\"https:\/\/patientinfo.serf.fr\/wp-content\/uploads\/BI-MENTUM-Revision-Cup.png\" class=\"attachment-full size-full wp-post-image\" alt=\"\" \/>\t<\/div>\n\n<!--\n\t<div class=\"download-box-content\">\n\n\t\t<h3>BI-MENTUM\u2122 Revision Cup Cotyle double mobilit\u00e9 non ciment\u00e9 avec deux plots<\/h3>\n\n\t\t\n\t\t<a class=\"download-button\" title=\"\" href=\"https:\/\/patientinfo.serf.fr\/fr-fr\/download\/bi-mentum-revision-cup-cotyle-double-mobilite-non-cimente-avec-deux-plots\/?tmstv=1778074729\" rel=\"nofollow\">\n\t\t\tT\u00e9l\u00e9charger le fichier\t\t\t<small>SFRAIPBMSC-Rev.02-FR-Information-patient.pdf &ndash; 300,94 Ko<\/small>\n\t\t<\/a>\n\n\t<\/div>\n-->\n\t<\/a>\n<\/aside>\n\n\n<\/li><li><aside class=\"download-box\">\n\t<a class=\"download-button\" title=\"BI-MENTUM\u2122 Plus Cup Cotyle double mobilit\u00e9 non ciment\u00e9 avec deux plots\" href=\"https:\/\/patientinfo.serf.fr\/fr-fr\/download\/bi-mentum-plus-cup-cotyle-double-mobilite-non-cimente-avec-deux-plots\/?tmstv=1778074729\" rel=\"nofollow\" target=\"_blank\">\n\t\t\t\t\t\n\t<div class=\"img\">\n\t\t<img loading=\"lazy\" decoding=\"async\" width=\"888\" height=\"684\" src=\"https:\/\/patientinfo.serf.fr\/wp-content\/uploads\/BI-MENTUM-PLUS-CUP.png\" class=\"attachment-full size-full wp-post-image\" alt=\"\" \/>\t<\/div>\n\n<!--\n\t<div class=\"download-box-content\">\n\n\t\t<h3>BI-MENTUM\u2122 Plus Cup Cotyle double mobilit\u00e9 non ciment\u00e9 avec deux plots<\/h3>\n\n\t\t\n\t\t<a class=\"download-button\" title=\"\" href=\"https:\/\/patientinfo.serf.fr\/fr-fr\/download\/bi-mentum-plus-cup-cotyle-double-mobilite-non-cimente-avec-deux-plots\/?tmstv=1778074729\" rel=\"nofollow\">\n\t\t\tT\u00e9l\u00e9charger le fichier\t\t\t<small>SFRAIPBMSC-Rev.02-FR-Information-patient.pdf &ndash; 300,94 Ko<\/small>\n\t\t<\/a>\n\n\t<\/div>\n-->\n\t<\/a>\n<\/aside>\n\n\n<\/li><li><aside class=\"download-box\">\n\t<a class=\"download-button\" title=\"BI-MENTUM PE LINER Insert mobile r\u00e9tentif\" href=\"https:\/\/patientinfo.serf.fr\/fr-fr\/download\/bi-mentum-pe-liner-insert-mobile-retentif_\/?tmstv=1778074729\" rel=\"nofollow\" target=\"_blank\">\n\t\t\t\t\t\n\t<div class=\"img\">\n\t\t<img loading=\"lazy\" decoding=\"async\" width=\"890\" height=\"680\" src=\"https:\/\/patientinfo.serf.fr\/wp-content\/uploads\/BI-MENTUM-PE-Liner.png\" class=\"attachment-full size-full wp-post-image\" alt=\"\" \/>\t<\/div>\n\n<!--\n\t<div class=\"download-box-content\">\n\n\t\t<h3>BI-MENTUM PE LINER Insert mobile r\u00e9tentif<\/h3>\n\n\t\t\n\t\t<a class=\"download-button\" title=\"\" href=\"https:\/\/patientinfo.serf.fr\/fr-fr\/download\/bi-mentum-pe-liner-insert-mobile-retentif_\/?tmstv=1778074729\" rel=\"nofollow\">\n\t\t\tT\u00e9l\u00e9charger le fichier\t\t\t<small>SFRAIPBMSC-Rev.02-FR____-Information-patient.pdf &ndash; 300,94 Ko<\/small>\n\t\t<\/a>\n\n\t<\/div>\n-->\n\t<\/a>\n<\/aside>\n\n\n<\/li><li><aside class=\"download-box\">\n\t<a class=\"download-button\" title=\"CI E Insert mobile r\u00e9tentif\" href=\"https:\/\/patientinfo.serf.fr\/fr-fr\/download\/ci-e-insert-mobile-retentif-2\/?tmstv=1778074729\" rel=\"nofollow\" target=\"_blank\">\n\t\t\t\t\t\n\t<div class=\"img\">\n\t\t<img loading=\"lazy\" decoding=\"async\" width=\"895\" height=\"687\" src=\"https:\/\/patientinfo.serf.fr\/wp-content\/uploads\/NOVAE-CI-E.png\" class=\"attachment-full size-full wp-post-image\" alt=\"\" \/>\t<\/div>\n\n<!--\n\t<div class=\"download-box-content\">\n\n\t\t<h3>CI E Insert mobile r\u00e9tentif<\/h3>\n\n\t\t\n\t\t<a class=\"download-button\" title=\"\" href=\"https:\/\/patientinfo.serf.fr\/fr-fr\/download\/ci-e-insert-mobile-retentif-2\/?tmstv=1778074729\" rel=\"nofollow\">\n\t\t\tT\u00e9l\u00e9charger le fichier\t\t\t<small>SFRAIPNOVAESC-Rev.02-FR-Information-patient.pdf &ndash; 227,90 Ko<\/small>\n\t\t<\/a>\n\n\t<\/div>\n-->\n\t<\/a>\n<\/aside>\n\n\n<\/li><li><aside class=\"download-box\">\n\t<a class=\"download-button\" title=\"CHIBF E\" href=\"https:\/\/patientinfo.serf.fr\/fr-fr\/download\/chibf-e\/?tmstv=1778074729\" rel=\"nofollow\" target=\"_blank\">\n\t\t\t\t\t\n\t<div class=\"img\">\n\t\t<img loading=\"lazy\" decoding=\"async\" width=\"894\" height=\"683\" src=\"https:\/\/patientinfo.serf.fr\/wp-content\/uploads\/nouvelle-label-chibfe.jpg\" class=\"attachment-full size-full wp-post-image\" alt=\"\" \/>\t<\/div>\n\n<!--\n\t<div class=\"download-box-content\">\n\n\t\t<h3>CHIBF E<\/h3>\n\n\t\t\n\t\t<a class=\"download-button\" title=\"\" href=\"https:\/\/patientinfo.serf.fr\/fr-fr\/download\/chibf-e\/?tmstv=1778074729\" rel=\"nofollow\">\n\t\t\tT\u00e9l\u00e9charger le fichier\t\t\t<small>SFRAIPCHIBFE-rev01_FR.pdf &ndash; 225,44 Ko<\/small>\n\t\t<\/a>\n\n\t<\/div>\n-->\n\t<\/a>\n<\/aside>\n\n\n<\/li><li><aside class=\"download-box\">\n\t<a class=\"download-button\" title=\"STICK Cotyle double mobilit\u00e9 ciment\u00e9\" href=\"https:\/\/patientinfo.serf.fr\/fr-fr\/download\/stick-cotyle-double-mobilite-cimente\/?tmstv=1778074729\" rel=\"nofollow\" target=\"_blank\">\n\t\t\t\t\t\n\t<div class=\"img\">\n\t\t<img loading=\"lazy\" decoding=\"async\" width=\"443\" height=\"334\" src=\"https:\/\/patientinfo.serf.fr\/wp-content\/uploads\/label-stick-1.jpg\" class=\"attachment-full size-full wp-post-image\" alt=\"\" \/>\t<\/div>\n\n<!--\n\t<div class=\"download-box-content\">\n\n\t\t<h3>STICK Cotyle double mobilit\u00e9 ciment\u00e9<\/h3>\n\n\t\t\n\t\t<a class=\"download-button\" title=\"\" href=\"https:\/\/patientinfo.serf.fr\/fr-fr\/download\/stick-cotyle-double-mobilite-cimente\/?tmstv=1778074729\" rel=\"nofollow\">\n\t\t\tT\u00e9l\u00e9charger le fichier\t\t\t<small>SFRAIPNOVAESC-Rev.03-FR-.pdf &ndash; 267,36 Ko<\/small>\n\t\t<\/a>\n\n\t<\/div>\n-->\n\t<\/a>\n<\/aside>\n\n\n<\/li><\/ul>\n\t\t\t\t[\/vc_column_text][\/vc_column_inner][\/vc_row_inner][\/vc_column][\/vc_row]\n","protected":false},"excerpt":{"rendered":"<p>[vc_row type=\u00a0\u00bbfull_width_content\u00a0\u00bb full_screen_row_position=\u00a0\u00bbmiddle\u00a0\u00bb column_margin=\u00a0\u00bbnone\u00a0\u00bb bg_color=\u00a0\u00bb#363d46&Prime; scene_position=\u00a0\u00bbcenter\u00a0\u00bb text_color=\u00a0\u00bblight\u00a0\u00bb text_align=\u00a0\u00bbleft\u00a0\u00bb top_padding=\u00a0\u00bb2%\u00a0\u00bb overlay_strength=\u00a0\u00bb0.3&Prime; shape_divider_position=\u00a0\u00bbbottom\u00a0\u00bb bg_image_animation=\u00a0\u00bbnone\u00a0\u00bb shape_type=\u00a0\u00bb\u00a0\u00bb][vc_column column_padding=\u00a0\u00bbno-extra-padding\u00a0\u00bb column_padding_position=\u00a0\u00bball\u00a0\u00bb background_color_opacity=\u00a0\u00bb1&Prime; background_hover_color_opacity=\u00a0\u00bb1&Prime; column_link_target=\u00a0\u00bb_self\u00a0\u00bb column_shadow=\u00a0\u00bbnone\u00a0\u00bb column_border_radius=\u00a0\u00bbnone\u00a0\u00bb width=\u00a0\u00bb1\/6&Prime; tablet_width_inherit=\u00a0\u00bbdefault\u00a0\u00bb tablet_text_alignment=\u00a0\u00bbdefault\u00a0\u00bb phone_text_alignment=\u00a0\u00bbdefault\u00a0\u00bb overlay_strength=\u00a0\u00bb0.3&Prime; column_border_width=\u00a0\u00bbnone\u00a0\u00bb column_border_style=\u00a0\u00bbsolid\u00a0\u00bb bg_image_animation=\u00a0\u00bbnone\u00a0\u00bb][\/vc_column][vc_column column_padding=\u00a0\u00bbno-extra-padding\u00a0\u00bb column_padding_position=\u00a0\u00bball\u00a0\u00bb&#8230;<\/p>\n","protected":false},"author":1,"featured_media":0,"parent":34,"menu_order":206,"comment_status":"closed","ping_status":"closed","template":"","meta":{"footnotes":""},"class_list":["post-70","page","type-page","status-publish"],"_links":{"self":[{"href":"https:\/\/patientinfo.serf.fr\/fr-fr\/wp-json\/wp\/v2\/pages\/70","targetHints":{"allow":["GET"]}}],"collection":[{"href":"https:\/\/patientinfo.serf.fr\/fr-fr\/wp-json\/wp\/v2\/pages"}],"about":[{"href":"https:\/\/patientinfo.serf.fr\/fr-fr\/wp-json\/wp\/v2\/types\/page"}],"author":[{"embeddable":true,"href":"https:\/\/patientinfo.serf.fr\/fr-fr\/wp-json\/wp\/v2\/users\/1"}],"replies":[{"embeddable":true,"href":"https:\/\/patientinfo.serf.fr\/fr-fr\/wp-json\/wp\/v2\/comments?post=70"}],"version-history":[{"count":11,"href":"https:\/\/patientinfo.serf.fr\/fr-fr\/wp-json\/wp\/v2\/pages\/70\/revisions"}],"predecessor-version":[{"id":1174,"href":"https:\/\/patientinfo.serf.fr\/fr-fr\/wp-json\/wp\/v2\/pages\/70\/revisions\/1174"}],"up":[{"embeddable":true,"href":"https:\/\/patientinfo.serf.fr\/fr-fr\/wp-json\/wp\/v2\/pages\/34"}],"wp:attachment":[{"href":"https:\/\/patientinfo.serf.fr\/fr-fr\/wp-json\/wp\/v2\/media?parent=70"}],"curies":[{"name":"wp","href":"https:\/\/api.w.org\/{rel}","templated":true}]}}