
{"id":460,"date":"2020-04-14T22:42:42","date_gmt":"2020-04-14T20:42:42","guid":{"rendered":"https:\/\/patientinfo.serf.fr\/cupules-acetabulaires\/"},"modified":"2020-04-20T11:18:31","modified_gmt":"2020-04-20T09:18:31","slug":"acetabularas-blodinas","status":"publish","type":"page","link":"https:\/\/patientinfo.serf.fr\/lv-lv\/izvelieties-artikulaciju\/hanche\/acetabularas-blodinas\/","title":{"rendered":"ACETABUL\u0100R\u0100S B\u013bODI\u0145AS"},"content":{"rendered":"[vc_row type=&#8221;full_width_content&#8221; full_screen_row_position=&#8221;middle&#8221; column_margin=&#8221;none&#8221; bg_color=&#8221;#363d46&#8243; scene_position=&#8221;center&#8221; text_color=&#8221;light&#8221; text_align=&#8221;left&#8221; top_padding=&#8221;2%&#8221; overlay_strength=&#8221;0.3&#8243; shape_divider_position=&#8221;bottom&#8221; bg_image_animation=&#8221;none&#8221; shape_type=&#8221;&#8221;][vc_column column_padding=&#8221;no-extra-padding&#8221; column_padding_position=&#8221;all&#8221; background_color_opacity=&#8221;1&#8243; background_hover_color_opacity=&#8221;1&#8243; column_link_target=&#8221;_self&#8221; column_shadow=&#8221;none&#8221; column_border_radius=&#8221;none&#8221; width=&#8221;1\/6&#8243; tablet_width_inherit=&#8221;default&#8221; tablet_text_alignment=&#8221;default&#8221; phone_text_alignment=&#8221;default&#8221; overlay_strength=&#8221;0.3&#8243; column_border_width=&#8221;none&#8221; column_border_style=&#8221;solid&#8221; bg_image_animation=&#8221;none&#8221;][\/vc_column][vc_column column_padding=&#8221;no-extra-padding&#8221; column_padding_position=&#8221;all&#8221; background_color_opacity=&#8221;1&#8243; background_hover_color_opacity=&#8221;1&#8243; column_link_target=&#8221;_self&#8221; column_shadow=&#8221;none&#8221; column_border_radius=&#8221;none&#8221; width=&#8221;2\/3&#8243; tablet_width_inherit=&#8221;default&#8221; tablet_text_alignment=&#8221;default&#8221; phone_text_alignment=&#8221;default&#8221; overlay_strength=&#8221;0.3&#8243; column_border_width=&#8221;none&#8221; column_border_style=&#8221;solid&#8221; bg_image_animation=&#8221;none&#8221;][vc_row_inner column_margin=&#8221;default&#8221; text_align=&#8221;left&#8221;][vc_column_inner column_padding=&#8221;no-extra-padding&#8221; column_padding_position=&#8221;all&#8221; centered_text=&#8221;true&#8221; background_color_opacity=&#8221;1&#8243; background_hover_color_opacity=&#8221;1&#8243; column_shadow=&#8221;none&#8221; column_border_radius=&#8221;none&#8221; column_link_target=&#8221;_self&#8221; el_class=&#8221;flexwrap&#8221; width=&#8221;1\/1&#8243; tablet_width_inherit=&#8221;default&#8221; overlay_strength=&#8221;0.3&#8243; column_border_width=&#8221;none&#8221; column_border_style=&#8221;solid&#8221; bg_image_animation=&#8221;none&#8221; enable_animation=&#8221;true&#8221; animation=&#8221;fade-in&#8221; delay=&#8221;0&#8243;][vc_raw_html]JTNDZGl2JTIwY2xhc3MlM0QlMjJuZWN0YXJfaWNvbl93cmFwJTIyJTIwZGF0YS1zdHlsZSUzRCUyMmRlZmF1bHQlMjIlMjBkYXRhLWRyYXclM0QlMjIlMjIlMjBkYXRhLWJvcmRlci10aGlja25lc3MlM0QlMjIycHglMjIlMjBkYXRhLXBhZGRpbmclM0QlMjIyMHB4JTIyJTIwZGF0YS1jb2xvciUzRCUyMndoaXRlJTIyJTIwc3R5bGUlM0QlMjIlMjIlM0UlMEElMDklMDklM0NkaXYlMjBjbGFzcyUzRCUyMm5lY3Rhcl9pY29uJTIyJTNFJTNDYSUyMGhyZWYlM0QlMjJqYXZhc2NyaXB0JTNBaGlzdG9yeS5iYWNrJTI4JTI5JTNCJTIyJTNFJTNDJTJGYSUzRSUzQ2klMjBzdHlsZSUzRCUyMmZvbnQtc2l6ZSUzQSUyMDUwcHglM0IlMjBsaW5lLWhlaWdodCUzQSUyMDUwcHglM0IlMjBoZWlnaHQlM0ElMjA1MHB4JTNCJTIwd2lkdGglM0ElMjA1MHB4JTNCJTIyJTIwY2xhc3MlM0QlMjJmYSUyMGZhLWFuZ2xlLWxlZnQlMjIlM0UlM0MlMkZpJTNFJTNDJTJGZGl2JTNFJTBBJTA5JTNDJTJGZGl2JTNF[\/vc_raw_html][image_with_animation image_url=&#8221;152&#8243; alignment=&#8221;&#8221; animation=&#8221;Fade In&#8221; hover_animation=&#8221;none&#8221; border_radius=&#8221;none&#8221; box_shadow=&#8221;none&#8221; image_loading=&#8221;default&#8221; max_width=&#8221;100%&#8221; max_width_mobile=&#8221;default&#8221; margin_right=&#8221;15px&#8221;][vc_column_text] <\/p>\n<h2><strong>ACETABUL\u0100R\u0100S<\/strong> <br \/><em>B\u013bODI\u0145AS<\/em><\/h2>\n<p> [\/vc_column_text][\/vc_column_inner][\/vc_row_inner][\/vc_column][vc_column column_padding=&#8221;no-extra-padding&#8221; column_padding_position=&#8221;all&#8221; background_color_opacity=&#8221;1&#8243; background_hover_color_opacity=&#8221;1&#8243; column_link_target=&#8221;_self&#8221; column_shadow=&#8221;none&#8221; column_border_radius=&#8221;none&#8221; width=&#8221;1\/6&#8243; tablet_width_inherit=&#8221;default&#8221; tablet_text_alignment=&#8221;default&#8221; phone_text_alignment=&#8221;default&#8221; overlay_strength=&#8221;0.3&#8243; column_border_width=&#8221;none&#8221; column_border_style=&#8221;solid&#8221; bg_image_animation=&#8221;none&#8221;][\/vc_column][\/vc_row][vc_row type=&#8221;full_width_content&#8221; full_screen_row_position=&#8221;middle&#8221; column_margin=&#8221;none&#8221; bg_color=&#8221;#363d46&#8243; scene_position=&#8221;center&#8221; text_color=&#8221;dark&#8221; text_align=&#8221;left&#8221; overlay_strength=&#8221;0.3&#8243; shape_divider_position=&#8221;bottom&#8221; bg_image_animation=&#8221;none&#8221; shape_type=&#8221;&#8221;][vc_column column_padding=&#8221;no-extra-padding&#8221; column_padding_position=&#8221;all&#8221; background_color_opacity=&#8221;1&#8243; background_hover_color_opacity=&#8221;1&#8243; column_link_target=&#8221;_self&#8221; column_shadow=&#8221;none&#8221; column_border_radius=&#8221;none&#8221; width=&#8221;1\/1&#8243; tablet_width_inherit=&#8221;default&#8221; tablet_text_alignment=&#8221;default&#8221; phone_text_alignment=&#8221;default&#8221; overlay_strength=&#8221;0.3&#8243; column_border_width=&#8221;none&#8221; column_border_style=&#8221;solid&#8221; bg_image_animation=&#8221;none&#8221;][vc_row_inner column_margin=&#8221;default&#8221; text_align=&#8221;left&#8221;][vc_column_inner column_padding=&#8221;no-extra-padding&#8221; column_padding_position=&#8221;all&#8221; background_color_opacity=&#8221;1&#8243; background_hover_color_opacity=&#8221;1&#8243; column_shadow=&#8221;none&#8221; column_border_radius=&#8221;none&#8221; column_link_target=&#8221;_self&#8221; width=&#8221;1\/1&#8243; tablet_width_inherit=&#8221;default&#8221; overlay_strength=&#8221;0.3&#8243; column_border_width=&#8221;none&#8221; column_border_style=&#8221;solid&#8221; bg_image_animation=&#8221;none&#8221; enable_animation=&#8221;true&#8221; animation=&#8221;fade-in&#8221; delay=&#8221;10&#8243;][vc_column_text]<ul class=\"dlm-downloads\"><li><aside class=\"download-box\">\n\t<a class=\"download-button\" title=\"BI-MENTUM PE LINER Polietilena mobilais slanis\" href=\"https:\/\/patientinfo.serf.fr\/lv-lv\/download\/bi-mentum-pe-liner-mobilus-polietileno-ideklas\/?tmstv=1778075225\" rel=\"nofollow\" target=\"_blank\">\n\t\t\t\t\t\n\t<div class=\"img\">\n\t\t<img loading=\"lazy\" decoding=\"async\" width=\"890\" height=\"680\" src=\"https:\/\/patientinfo.serf.fr\/wp-content\/uploads\/BI-MENTUM-PE-Liner.png\" class=\"attachment-full size-full wp-post-image\" alt=\"\" \/>\t<\/div>\n\n<!--\n\t<div class=\"download-box-content\">\n\n\t\t<h3>BI-MENTUM PE LINER Polietilena mobilais slanis<\/h3>\n\n\t\t\n\t\t<a class=\"download-button\" title=\"\" href=\"https:\/\/patientinfo.serf.fr\/lv-lv\/download\/bi-mentum-pe-liner-mobilus-polietileno-ideklas\/?tmstv=1778075225\" rel=\"nofollow\">\n\t\t\tDownload File\t\t\t<small>SFRAIPBMSC-Rev.02-LV-Information-patient.pdf &ndash; 292.77 KB<\/small>\n\t\t<\/a>\n\n\t<\/div>\n-->\n\t<\/a>\n<\/aside>\n\n\n<\/li><li><aside class=\"download-box\">\n\t<a class=\"download-button\" title=\"BI-MENTUM\u2122 Plus Cup Bezcementa dubultmobilas b\u013codi\u0146as ar div\u0101m tap\u0101m\" href=\"https:\/\/patientinfo.serf.fr\/lv-lv\/download\/bi-mentum-plus-cup-dvigubo-mobilumo-becementes-guzduobes-su-dviem-kaisteliais\/?tmstv=1778075225\" rel=\"nofollow\" target=\"_blank\">\n\t\t\t\t\t\n\t<div class=\"img\">\n\t\t<img loading=\"lazy\" decoding=\"async\" width=\"888\" height=\"684\" src=\"https:\/\/patientinfo.serf.fr\/wp-content\/uploads\/BI-MENTUM-PLUS-CUP.png\" class=\"attachment-full size-full wp-post-image\" alt=\"\" \/>\t<\/div>\n\n<!--\n\t<div class=\"download-box-content\">\n\n\t\t<h3>BI-MENTUM\u2122 Plus Cup Bezcementa dubultmobilas b\u013codi\u0146as ar div\u0101m tap\u0101m<\/h3>\n\n\t\t\n\t\t<a class=\"download-button\" title=\"\" href=\"https:\/\/patientinfo.serf.fr\/lv-lv\/download\/bi-mentum-plus-cup-dvigubo-mobilumo-becementes-guzduobes-su-dviem-kaisteliais\/?tmstv=1778075225\" rel=\"nofollow\">\n\t\t\tDownload File\t\t\t<small>SFRAIPBMSC-Rev.02-LV-Information-patient.pdf &ndash; 292.77 KB<\/small>\n\t\t<\/a>\n\n\t<\/div>\n-->\n\t<\/a>\n<\/aside>\n\n\n<\/li><li><aside class=\"download-box\">\n\t<a class=\"download-button\" title=\"BI-MENTUM\u2122 Revision Cup Bezcementa dubultmobilas b\u013codi\u0146as ar div\u0101m tap\u0101m\" href=\"https:\/\/patientinfo.serf.fr\/lv-lv\/download\/bi-mentum-revision-cup-bezcementa-dubultmobilas-blodinas-ar-divam-tapam\/?tmstv=1778075225\" rel=\"nofollow\" target=\"_blank\">\n\t\t\t\t\t\n\t<div class=\"img\">\n\t\t<img loading=\"lazy\" decoding=\"async\" width=\"885\" height=\"675\" src=\"https:\/\/patientinfo.serf.fr\/wp-content\/uploads\/BI-MENTUM-Revision-Cup.png\" class=\"attachment-full size-full wp-post-image\" alt=\"\" \/>\t<\/div>\n\n<!--\n\t<div class=\"download-box-content\">\n\n\t\t<h3>BI-MENTUM\u2122 Revision Cup Bezcementa dubultmobilas b\u013codi\u0146as ar div\u0101m tap\u0101m<\/h3>\n\n\t\t\n\t\t<a class=\"download-button\" title=\"\" href=\"https:\/\/patientinfo.serf.fr\/lv-lv\/download\/bi-mentum-revision-cup-bezcementa-dubultmobilas-blodinas-ar-divam-tapam\/?tmstv=1778075225\" rel=\"nofollow\">\n\t\t\tDownload File\t\t\t<small>SFRAIPBMSC-Rev.02-LV-Information-patient.pdf &ndash; 292.77 KB<\/small>\n\t\t<\/a>\n\n\t<\/div>\n-->\n\t<\/a>\n<\/aside>\n\n\n<\/li><li><aside class=\"download-box\">\n\t<a class=\"download-button\" title=\"BI-MENTUM\u2122 PressFit Cup M\u0101lslig\u0101s bumbas ar dubultu mobilit\u0101ti bez cementa fiks\u0101cijas\" href=\"https:\/\/patientinfo.serf.fr\/lv-lv\/download\/bi-mentum-pressfit-cup-malsligas-bumbas-ar-dubultu-mobilitati-bez-cementa-fiksacijas\/?tmstv=1778075225\" rel=\"nofollow\" target=\"_blank\">\n\t\t\t\t\t\n\t<div class=\"img\">\n\t\t<img loading=\"lazy\" decoding=\"async\" width=\"889\" height=\"683\" src=\"https:\/\/patientinfo.serf.fr\/wp-content\/uploads\/BI-MENTUM-PressFit-Cup.png\" class=\"attachment-full size-full wp-post-image\" alt=\"\" \/>\t<\/div>\n\n<!--\n\t<div class=\"download-box-content\">\n\n\t\t<h3>BI-MENTUM\u2122 PressFit Cup M\u0101lslig\u0101s bumbas ar dubultu mobilit\u0101ti bez cementa fiks\u0101cijas<\/h3>\n\n\t\t\n\t\t<a class=\"download-button\" title=\"\" href=\"https:\/\/patientinfo.serf.fr\/lv-lv\/download\/bi-mentum-pressfit-cup-malsligas-bumbas-ar-dubultu-mobilitati-bez-cementa-fiksacijas\/?tmstv=1778075225\" rel=\"nofollow\">\n\t\t\tDownload File\t\t\t<small>SFRAIPBMSC-Rev.02-LV-Information-patient.pdf &ndash; 292.77 KB<\/small>\n\t\t<\/a>\n\n\t<\/div>\n-->\n\t<\/a>\n<\/aside>\n\n\n<\/li><\/ul>\n\t\t\t\t[\/vc_column_text][\/vc_column_inner][\/vc_row_inner][\/vc_column][\/vc_row]\n","protected":false},"excerpt":{"rendered":"<p>[vc_row type=&#8221;full_width_content&#8221; full_screen_row_position=&#8221;middle&#8221; column_margin=&#8221;none&#8221; bg_color=&#8221;#363d46&#8243; scene_position=&#8221;center&#8221; text_color=&#8221;light&#8221; text_align=&#8221;left&#8221; top_padding=&#8221;2%&#8221; overlay_strength=&#8221;0.3&#8243; shape_divider_position=&#8221;bottom&#8221; bg_image_animation=&#8221;none&#8221; shape_type=&#8221;&#8221;][vc_column column_padding=&#8221;no-extra-padding&#8221; column_padding_position=&#8221;all&#8221; background_color_opacity=&#8221;1&#8243; background_hover_color_opacity=&#8221;1&#8243; column_link_target=&#8221;_self&#8221; column_shadow=&#8221;none&#8221; column_border_radius=&#8221;none&#8221; width=&#8221;1\/6&#8243; tablet_width_inherit=&#8221;default&#8221; tablet_text_alignment=&#8221;default&#8221; phone_text_alignment=&#8221;default&#8221; overlay_strength=&#8221;0.3&#8243; column_border_width=&#8221;none&#8221; column_border_style=&#8221;solid&#8221; bg_image_animation=&#8221;none&#8221;][\/vc_column][vc_column column_padding=&#8221;no-extra-padding&#8221; column_padding_position=&#8221;all&#8221;&#8230;<\/p>\n","protected":false},"author":1,"featured_media":0,"parent":537,"menu_order":206,"comment_status":"closed","ping_status":"closed","template":"","meta":{"footnotes":""},"class_list":["post-460","page","type-page","status-publish"],"_links":{"self":[{"href":"https:\/\/patientinfo.serf.fr\/lv-lv\/wp-json\/wp\/v2\/pages\/460","targetHints":{"allow":["GET"]}}],"collection":[{"href":"https:\/\/patientinfo.serf.fr\/lv-lv\/wp-json\/wp\/v2\/pages"}],"about":[{"href":"https:\/\/patientinfo.serf.fr\/lv-lv\/wp-json\/wp\/v2\/types\/page"}],"author":[{"embeddable":true,"href":"https:\/\/patientinfo.serf.fr\/lv-lv\/wp-json\/wp\/v2\/users\/1"}],"replies":[{"embeddable":true,"href":"https:\/\/patientinfo.serf.fr\/lv-lv\/wp-json\/wp\/v2\/comments?post=460"}],"version-history":[{"count":2,"href":"https:\/\/patientinfo.serf.fr\/lv-lv\/wp-json\/wp\/v2\/pages\/460\/revisions"}],"predecessor-version":[{"id":832,"href":"https:\/\/patientinfo.serf.fr\/lv-lv\/wp-json\/wp\/v2\/pages\/460\/revisions\/832"}],"up":[{"embeddable":true,"href":"https:\/\/patientinfo.serf.fr\/lv-lv\/wp-json\/wp\/v2\/pages\/537"}],"wp:attachment":[{"href":"https:\/\/patientinfo.serf.fr\/lv-lv\/wp-json\/wp\/v2\/media?parent=460"}],"curies":[{"name":"wp","href":"https:\/\/api.w.org\/{rel}","templated":true}]}}