
{"id":476,"date":"2020-04-14T22:42:42","date_gmt":"2020-04-14T20:42:42","guid":{"rendered":"https:\/\/patientinfo.serf.fr\/cupules-acetabulaires\/"},"modified":"2020-04-20T11:18:45","modified_gmt":"2020-04-20T09:18:45","slug":"acetabularne-jamky","status":"publish","type":"page","link":"https:\/\/patientinfo.serf.fr\/sk-sk\/vybrat-klb\/hanche\/acetabularne-jamky\/","title":{"rendered":"ACETABUL\u00c1RNE JAMKY"},"content":{"rendered":"[vc_row type=&#8220;full_width_content&#8220; full_screen_row_position=&#8220;middle&#8220; column_margin=&#8220;none&#8220; bg_color=&#8220;#363d46&#8243; scene_position=&#8220;center&#8220; text_color=&#8220;light&#8220; text_align=&#8220;left&#8220; top_padding=&#8220;2%&#8220; overlay_strength=&#8220;0.3&#8243; shape_divider_position=&#8220;bottom&#8220; bg_image_animation=&#8220;none&#8220; shape_type=&#8220;&#8220;][vc_column column_padding=&#8220;no-extra-padding&#8220; column_padding_position=&#8220;all&#8220; background_color_opacity=&#8220;1&#8243; background_hover_color_opacity=&#8220;1&#8243; column_link_target=&#8220;_self&#8220; column_shadow=&#8220;none&#8220; column_border_radius=&#8220;none&#8220; width=&#8220;1\/6&#8243; tablet_width_inherit=&#8220;default&#8220; tablet_text_alignment=&#8220;default&#8220; phone_text_alignment=&#8220;default&#8220; overlay_strength=&#8220;0.3&#8243; column_border_width=&#8220;none&#8220; column_border_style=&#8220;solid&#8220; bg_image_animation=&#8220;none&#8220;][\/vc_column][vc_column column_padding=&#8220;no-extra-padding&#8220; column_padding_position=&#8220;all&#8220; background_color_opacity=&#8220;1&#8243; background_hover_color_opacity=&#8220;1&#8243; column_link_target=&#8220;_self&#8220; column_shadow=&#8220;none&#8220; column_border_radius=&#8220;none&#8220; width=&#8220;2\/3&#8243; tablet_width_inherit=&#8220;default&#8220; tablet_text_alignment=&#8220;default&#8220; phone_text_alignment=&#8220;default&#8220; overlay_strength=&#8220;0.3&#8243; column_border_width=&#8220;none&#8220; column_border_style=&#8220;solid&#8220; bg_image_animation=&#8220;none&#8220;][vc_row_inner column_margin=&#8220;default&#8220; text_align=&#8220;left&#8220;][vc_column_inner column_padding=&#8220;no-extra-padding&#8220; column_padding_position=&#8220;all&#8220; centered_text=&#8220;true&#8220; background_color_opacity=&#8220;1&#8243; background_hover_color_opacity=&#8220;1&#8243; column_shadow=&#8220;none&#8220; column_border_radius=&#8220;none&#8220; column_link_target=&#8220;_self&#8220; el_class=&#8220;flexwrap&#8220; width=&#8220;1\/1&#8243; tablet_width_inherit=&#8220;default&#8220; overlay_strength=&#8220;0.3&#8243; column_border_width=&#8220;none&#8220; column_border_style=&#8220;solid&#8220; bg_image_animation=&#8220;none&#8220; enable_animation=&#8220;true&#8220; animation=&#8220;fade-in&#8220; delay=&#8220;0&#8243;][vc_raw_html]JTNDZGl2JTIwY2xhc3MlM0QlMjJuZWN0YXJfaWNvbl93cmFwJTIyJTIwZGF0YS1zdHlsZSUzRCUyMmRlZmF1bHQlMjIlMjBkYXRhLWRyYXclM0QlMjIlMjIlMjBkYXRhLWJvcmRlci10aGlja25lc3MlM0QlMjIycHglMjIlMjBkYXRhLXBhZGRpbmclM0QlMjIyMHB4JTIyJTIwZGF0YS1jb2xvciUzRCUyMndoaXRlJTIyJTIwc3R5bGUlM0QlMjIlMjIlM0UlMEElMDklMDklM0NkaXYlMjBjbGFzcyUzRCUyMm5lY3Rhcl9pY29uJTIyJTNFJTNDYSUyMGhyZWYlM0QlMjJqYXZhc2NyaXB0JTNBaGlzdG9yeS5iYWNrJTI4JTI5JTNCJTIyJTNFJTNDJTJGYSUzRSUzQ2klMjBzdHlsZSUzRCUyMmZvbnQtc2l6ZSUzQSUyMDUwcHglM0IlMjBsaW5lLWhlaWdodCUzQSUyMDUwcHglM0IlMjBoZWlnaHQlM0ElMjA1MHB4JTNCJTIwd2lkdGglM0ElMjA1MHB4JTNCJTIyJTIwY2xhc3MlM0QlMjJmYSUyMGZhLWFuZ2xlLWxlZnQlMjIlM0UlM0MlMkZpJTNFJTNDJTJGZGl2JTNFJTBBJTA5JTNDJTJGZGl2JTNF[\/vc_raw_html][image_with_animation image_url=&#8220;152&#8243; alignment=&#8220;&#8220; animation=&#8220;Fade In&#8220; hover_animation=&#8220;none&#8220; border_radius=&#8220;none&#8220; box_shadow=&#8220;none&#8220; image_loading=&#8220;default&#8220; max_width=&#8220;100%&#8220; max_width_mobile=&#8220;default&#8220; margin_right=&#8220;15px&#8220;][vc_column_text] <\/p>\n<h2><strong>ACETABUL\u00c1RNE<\/strong> <br \/><em>JAMKY<\/em><\/h2>\n<p> [\/vc_column_text][\/vc_column_inner][\/vc_row_inner][\/vc_column][vc_column column_padding=&#8220;no-extra-padding&#8220; column_padding_position=&#8220;all&#8220; background_color_opacity=&#8220;1&#8243; background_hover_color_opacity=&#8220;1&#8243; column_link_target=&#8220;_self&#8220; column_shadow=&#8220;none&#8220; column_border_radius=&#8220;none&#8220; width=&#8220;1\/6&#8243; tablet_width_inherit=&#8220;default&#8220; tablet_text_alignment=&#8220;default&#8220; phone_text_alignment=&#8220;default&#8220; overlay_strength=&#8220;0.3&#8243; column_border_width=&#8220;none&#8220; column_border_style=&#8220;solid&#8220; bg_image_animation=&#8220;none&#8220;][\/vc_column][\/vc_row][vc_row type=&#8220;full_width_content&#8220; full_screen_row_position=&#8220;middle&#8220; column_margin=&#8220;none&#8220; bg_color=&#8220;#363d46&#8243; scene_position=&#8220;center&#8220; text_color=&#8220;dark&#8220; text_align=&#8220;left&#8220; overlay_strength=&#8220;0.3&#8243; shape_divider_position=&#8220;bottom&#8220; bg_image_animation=&#8220;none&#8220; shape_type=&#8220;&#8220;][vc_column column_padding=&#8220;no-extra-padding&#8220; column_padding_position=&#8220;all&#8220; background_color_opacity=&#8220;1&#8243; background_hover_color_opacity=&#8220;1&#8243; column_link_target=&#8220;_self&#8220; column_shadow=&#8220;none&#8220; column_border_radius=&#8220;none&#8220; width=&#8220;1\/1&#8243; tablet_width_inherit=&#8220;default&#8220; tablet_text_alignment=&#8220;default&#8220; phone_text_alignment=&#8220;default&#8220; overlay_strength=&#8220;0.3&#8243; column_border_width=&#8220;none&#8220; column_border_style=&#8220;solid&#8220; bg_image_animation=&#8220;none&#8220;][vc_row_inner column_margin=&#8220;default&#8220; text_align=&#8220;left&#8220;][vc_column_inner column_padding=&#8220;no-extra-padding&#8220; column_padding_position=&#8220;all&#8220; background_color_opacity=&#8220;1&#8243; background_hover_color_opacity=&#8220;1&#8243; column_shadow=&#8220;none&#8220; column_border_radius=&#8220;none&#8220; column_link_target=&#8220;_self&#8220; width=&#8220;1\/1&#8243; tablet_width_inherit=&#8220;default&#8220; overlay_strength=&#8220;0.3&#8243; column_border_width=&#8220;none&#8220; column_border_style=&#8220;solid&#8220; bg_image_animation=&#8220;none&#8220; enable_animation=&#8220;true&#8220; animation=&#8220;fade-in&#8220; delay=&#8220;10&#8243;][vc_column_text]<ul class=\"dlm-downloads\"><li><aside class=\"download-box\">\n\t<a class=\"download-button\" title=\"CI E Reten\u010dn\u00e1 mobiln\u00e1 vlo\u017eka\" href=\"https:\/\/patientinfo.serf.fr\/sk-sk\/download\/ci-e-retencna-mobilna-vlozka\/?tmstv=1778074758\" rel=\"nofollow\" target=\"_blank\">\n\t\t\t\t\t\n\t<div class=\"img\">\n\t\t<img loading=\"lazy\" decoding=\"async\" width=\"895\" height=\"687\" src=\"https:\/\/patientinfo.serf.fr\/wp-content\/uploads\/NOVAE-CI-E.png\" class=\"attachment-full size-full wp-post-image\" alt=\"\" \/>\t<\/div>\n\n<!--\n\t<div class=\"download-box-content\">\n\n\t\t<h3>CI E Reten\u010dn\u00e1 mobiln\u00e1 vlo\u017eka<\/h3>\n\n\t\t\n\t\t<a class=\"download-button\" title=\"\" href=\"https:\/\/patientinfo.serf.fr\/sk-sk\/download\/ci-e-retencna-mobilna-vlozka\/?tmstv=1778074758\" rel=\"nofollow\">\n\t\t\tStiahn\u00fa\u0165 s\u00fabor\t\t\t<small>SFRAIPNOVAESC-Rev.02-SK-Information-patient-1.pdf &ndash; 245,84 KB<\/small>\n\t\t<\/a>\n\n\t<\/div>\n-->\n\t<\/a>\n<\/aside>\n\n\n<\/li><li><aside class=\"download-box\">\n\t<a class=\"download-button\" title=\"BI-MENTUM PE LINER Mobiln\u00e1 vlo\u017eka z mas\u00edvneho\" href=\"https:\/\/patientinfo.serf.fr\/sk-sk\/download\/bi-mentum-pe-liner-mobilna-vlozka-z-masivneho\/?tmstv=1778074758\" rel=\"nofollow\" target=\"_blank\">\n\t\t\t\t\t\n\t<div class=\"img\">\n\t\t<img loading=\"lazy\" decoding=\"async\" width=\"890\" height=\"680\" src=\"https:\/\/patientinfo.serf.fr\/wp-content\/uploads\/BI-MENTUM-PE-Liner.png\" class=\"attachment-full size-full wp-post-image\" alt=\"\" \/>\t<\/div>\n\n<!--\n\t<div class=\"download-box-content\">\n\n\t\t<h3>BI-MENTUM PE LINER Mobiln\u00e1 vlo\u017eka z mas\u00edvneho<\/h3>\n\n\t\t\n\t\t<a class=\"download-button\" title=\"\" href=\"https:\/\/patientinfo.serf.fr\/sk-sk\/download\/bi-mentum-pe-liner-mobilna-vlozka-z-masivneho\/?tmstv=1778074758\" rel=\"nofollow\">\n\t\t\tStiahn\u00fa\u0165 s\u00fabor\t\t\t<small>SFRAIPBMSC-Rev.02-SK-Information-patient.pdf &ndash; 297,90 KB<\/small>\n\t\t<\/a>\n\n\t<\/div>\n-->\n\t<\/a>\n<\/aside>\n\n\n<\/li><li><aside class=\"download-box\">\n\t<a class=\"download-button\" title=\"BI-MENTUM\u2122 Plus Cup Necementovan\u00e1 jamka dvojit\u00e9ho pohybu a dvoma kotviacimi kol\u00edkmi\" href=\"https:\/\/patientinfo.serf.fr\/sk-sk\/download\/bi-mentum-plus-cup-necementovana-jamka-dvojiteho-pohybu-a-dvoma-kotviacimi-kolikmi\/?tmstv=1778074758\" rel=\"nofollow\" target=\"_blank\">\n\t\t\t\t\t\n\t<div class=\"img\">\n\t\t<img loading=\"lazy\" decoding=\"async\" width=\"888\" height=\"684\" src=\"https:\/\/patientinfo.serf.fr\/wp-content\/uploads\/BI-MENTUM-PLUS-CUP.png\" class=\"attachment-full size-full wp-post-image\" alt=\"\" \/>\t<\/div>\n\n<!--\n\t<div class=\"download-box-content\">\n\n\t\t<h3>BI-MENTUM\u2122 Plus Cup Necementovan\u00e1 jamka dvojit\u00e9ho pohybu a dvoma kotviacimi kol\u00edkmi<\/h3>\n\n\t\t\n\t\t<a class=\"download-button\" title=\"\" href=\"https:\/\/patientinfo.serf.fr\/sk-sk\/download\/bi-mentum-plus-cup-necementovana-jamka-dvojiteho-pohybu-a-dvoma-kotviacimi-kolikmi\/?tmstv=1778074758\" rel=\"nofollow\">\n\t\t\tStiahn\u00fa\u0165 s\u00fabor\t\t\t<small>SFRAIPBMSC-Rev.02-SK-Information-patient.pdf &ndash; 297,90 KB<\/small>\n\t\t<\/a>\n\n\t<\/div>\n-->\n\t<\/a>\n<\/aside>\n\n\n<\/li><li><aside class=\"download-box\">\n\t<a class=\"download-button\" title=\"BI-MENTUM\u2122 Revision Cup Necementovan\u00e1 jamka dvojit\u00e9ho pohybu a dvoma kotviacimi kol\u00edkmi\" href=\"https:\/\/patientinfo.serf.fr\/sk-sk\/download\/bi-mentum-revision-cup-necementovana-jamka-dvojiteho-pohybu-a-dvoma-kotviacimi-kolikmi\/?tmstv=1778074758\" rel=\"nofollow\" target=\"_blank\">\n\t\t\t\t\t\n\t<div class=\"img\">\n\t\t<img loading=\"lazy\" decoding=\"async\" width=\"885\" height=\"675\" src=\"https:\/\/patientinfo.serf.fr\/wp-content\/uploads\/BI-MENTUM-Revision-Cup.png\" class=\"attachment-full size-full wp-post-image\" alt=\"\" \/>\t<\/div>\n\n<!--\n\t<div class=\"download-box-content\">\n\n\t\t<h3>BI-MENTUM\u2122 Revision Cup Necementovan\u00e1 jamka dvojit\u00e9ho pohybu a dvoma kotviacimi kol\u00edkmi<\/h3>\n\n\t\t\n\t\t<a class=\"download-button\" title=\"\" href=\"https:\/\/patientinfo.serf.fr\/sk-sk\/download\/bi-mentum-revision-cup-necementovana-jamka-dvojiteho-pohybu-a-dvoma-kotviacimi-kolikmi\/?tmstv=1778074758\" rel=\"nofollow\">\n\t\t\tStiahn\u00fa\u0165 s\u00fabor\t\t\t<small>SFRAIPBMSC-Rev.02-SK-Information-patient.pdf &ndash; 297,90 KB<\/small>\n\t\t<\/a>\n\n\t<\/div>\n-->\n\t<\/a>\n<\/aside>\n\n\n<\/li><li><aside class=\"download-box\">\n\t<a class=\"download-button\" title=\"BI-MENTUM\u2122 PressFit Cup Necementovan\u00e1 modul\u00e1rna jamka bez vlo\u017eky\" href=\"https:\/\/patientinfo.serf.fr\/sk-sk\/download\/bi-mentum-pressfit-cup-necementovana-modularna-jamka-bez-vlozky\/?tmstv=1778074758\" rel=\"nofollow\" target=\"_blank\">\n\t\t\t\t\t\n\t<div class=\"img\">\n\t\t<img loading=\"lazy\" decoding=\"async\" width=\"889\" height=\"683\" src=\"https:\/\/patientinfo.serf.fr\/wp-content\/uploads\/BI-MENTUM-PressFit-Cup.png\" class=\"attachment-full size-full wp-post-image\" alt=\"\" \/>\t<\/div>\n\n<!--\n\t<div class=\"download-box-content\">\n\n\t\t<h3>BI-MENTUM\u2122 PressFit Cup Necementovan\u00e1 modul\u00e1rna jamka bez vlo\u017eky<\/h3>\n\n\t\t\n\t\t<a class=\"download-button\" title=\"\" href=\"https:\/\/patientinfo.serf.fr\/sk-sk\/download\/bi-mentum-pressfit-cup-necementovana-modularna-jamka-bez-vlozky\/?tmstv=1778074758\" rel=\"nofollow\">\n\t\t\tStiahn\u00fa\u0165 s\u00fabor\t\t\t<small>SFRAIPBMSC-Rev.02-SK-Information-patient.pdf &ndash; 297,90 KB<\/small>\n\t\t<\/a>\n\n\t<\/div>\n-->\n\t<\/a>\n<\/aside>\n\n\n<\/li><li><aside class=\"download-box\">\n\t<a class=\"download-button\" title=\"SUNFIT TH Necementovan\u00e9 acetabulum s dvojit\u00fdm pohybom + dr\u017eiak\" href=\"https:\/\/patientinfo.serf.fr\/sk-sk\/download\/sunfit-th-necementovane-acetabulum-s-dvojitym-pohybom-drziak\/?tmstv=1778074758\" rel=\"nofollow\" target=\"_blank\">\n\t\t\t\t\t\n\t<div class=\"img\">\n\t\t<img loading=\"lazy\" decoding=\"async\" width=\"432\" height=\"333\" src=\"https:\/\/patientinfo.serf.fr\/wp-content\/uploads\/NOVAE-SUNFIT-TH.png\" class=\"attachment-full size-full wp-post-image\" alt=\"\" \/>\t<\/div>\n\n<!--\n\t<div class=\"download-box-content\">\n\n\t\t<h3>SUNFIT TH Necementovan\u00e9 acetabulum s dvojit\u00fdm pohybom + dr\u017eiak<\/h3>\n\n\t\t\n\t\t<a class=\"download-button\" title=\"\" href=\"https:\/\/patientinfo.serf.fr\/sk-sk\/download\/sunfit-th-necementovane-acetabulum-s-dvojitym-pohybom-drziak\/?tmstv=1778074758\" rel=\"nofollow\">\n\t\t\tStiahn\u00fa\u0165 s\u00fabor\t\t\t<small>SFRAIPNOVAESC-Rev.02-SK-Information-patient-1.pdf &ndash; 245,84 KB<\/small>\n\t\t<\/a>\n\n\t<\/div>\n-->\n\t<\/a>\n<\/aside>\n\n\n<\/li><li><aside class=\"download-box\">\n\t<a class=\"download-button\" title=\"COPTOS TH Necementovan\u00e9 acetabulum s dvojit\u00fdm pohybom s dvoma kol\u00edkmi + dr\u017eiak\" href=\"https:\/\/patientinfo.serf.fr\/sk-sk\/download\/coptos-th-thrm453600010110123anecementovane-acetabulum-s-dvojitym-pohybom-s-dvoma-kolikmi-drziak2026\/?tmstv=1778074758\" rel=\"nofollow\" target=\"_blank\">\n\t\t\t\t\t\n\t<div class=\"img\">\n\t\t<img loading=\"lazy\" decoding=\"async\" width=\"442\" height=\"337\" src=\"https:\/\/patientinfo.serf.fr\/wp-content\/uploads\/NOVAE-COPTOS-TH-1.png\" class=\"attachment-full size-full wp-post-image\" alt=\"\" \/>\t<\/div>\n\n<!--\n\t<div class=\"download-box-content\">\n\n\t\t<h3>COPTOS TH Necementovan\u00e9 acetabulum s dvojit\u00fdm pohybom s dvoma kol\u00edkmi + dr\u017eiak<\/h3>\n\n\t\t\n\t\t<a class=\"download-button\" title=\"\" href=\"https:\/\/patientinfo.serf.fr\/sk-sk\/download\/coptos-th-thrm453600010110123anecementovane-acetabulum-s-dvojitym-pohybom-s-dvoma-kolikmi-drziak2026\/?tmstv=1778074758\" rel=\"nofollow\">\n\t\t\tStiahn\u00fa\u0165 s\u00fabor\t\t\t<small>SFRAIPNOVAESC-Rev.02-SK-Information-patient-1.pdf &ndash; 245,84 KB<\/small>\n\t\t<\/a>\n\n\t<\/div>\n-->\n\t<\/a>\n<\/aside>\n\n\n<\/li><li><aside class=\"download-box\">\n\t<a class=\"download-button\" title=\"NOVAE E TH Necementovan\u00e9 acetabulum s dvojit\u00fdm pohybom s dvoma kol\u00edkmi + dr\u017eiak\" href=\"https:\/\/patientinfo.serf.fr\/sk-sk\/download\/novae-e-th-necementovane-acetabulum-s-dvojitym-pohybom-s-dvoma-kolikmi-drziak\/?tmstv=1778074758\" rel=\"nofollow\" target=\"_blank\">\n\t\t\t\t\t\n\t<div class=\"img\">\n\t\t<img loading=\"lazy\" decoding=\"async\" width=\"443\" height=\"341\" src=\"https:\/\/patientinfo.serf.fr\/wp-content\/uploads\/NOVAE-E-TH.png\" class=\"attachment-full size-full wp-post-image\" alt=\"\" \/>\t<\/div>\n\n<!--\n\t<div class=\"download-box-content\">\n\n\t\t<h3>NOVAE E TH Necementovan\u00e9 acetabulum s dvojit\u00fdm pohybom s dvoma kol\u00edkmi + dr\u017eiak<\/h3>\n\n\t\t\n\t\t<a class=\"download-button\" title=\"\" href=\"https:\/\/patientinfo.serf.fr\/sk-sk\/download\/novae-e-th-necementovane-acetabulum-s-dvojitym-pohybom-s-dvoma-kolikmi-drziak\/?tmstv=1778074758\" rel=\"nofollow\">\n\t\t\tStiahn\u00fa\u0165 s\u00fabor\t\t\t<small>SFRAIPNOVAESC-Rev.02-SK-Information-patient-1.pdf &ndash; 245,84 KB<\/small>\n\t\t<\/a>\n\n\t<\/div>\n-->\n\t<\/a>\n<\/aside>\n\n\n<\/li><\/ul>\n\t\t\t\t[\/vc_column_text][\/vc_column_inner][\/vc_row_inner][\/vc_column][\/vc_row]\n","protected":false},"excerpt":{"rendered":"<p>[vc_row type=&#8220;full_width_content&#8220; full_screen_row_position=&#8220;middle&#8220; column_margin=&#8220;none&#8220; bg_color=&#8220;#363d46&#8243; scene_position=&#8220;center&#8220; text_color=&#8220;light&#8220; text_align=&#8220;left&#8220; top_padding=&#8220;2%&#8220; overlay_strength=&#8220;0.3&#8243; shape_divider_position=&#8220;bottom&#8220; bg_image_animation=&#8220;none&#8220; shape_type=&#8220;&#8220;][vc_column column_padding=&#8220;no-extra-padding&#8220; column_padding_position=&#8220;all&#8220; background_color_opacity=&#8220;1&#8243; background_hover_color_opacity=&#8220;1&#8243; column_link_target=&#8220;_self&#8220; column_shadow=&#8220;none&#8220; column_border_radius=&#8220;none&#8220; width=&#8220;1\/6&#8243; tablet_width_inherit=&#8220;default&#8220; tablet_text_alignment=&#8220;default&#8220; phone_text_alignment=&#8220;default&#8220; overlay_strength=&#8220;0.3&#8243; column_border_width=&#8220;none&#8220; column_border_style=&#8220;solid&#8220; bg_image_animation=&#8220;none&#8220;][\/vc_column][vc_column column_padding=&#8220;no-extra-padding&#8220; column_padding_position=&#8220;all&#8220;&#8230;<\/p>\n","protected":false},"author":1,"featured_media":0,"parent":545,"menu_order":206,"comment_status":"closed","ping_status":"closed","template":"","meta":{"footnotes":""},"class_list":["post-476","page","type-page","status-publish"],"_links":{"self":[{"href":"https:\/\/patientinfo.serf.fr\/sk-sk\/wp-json\/wp\/v2\/pages\/476","targetHints":{"allow":["GET"]}}],"collection":[{"href":"https:\/\/patientinfo.serf.fr\/sk-sk\/wp-json\/wp\/v2\/pages"}],"about":[{"href":"https:\/\/patientinfo.serf.fr\/sk-sk\/wp-json\/wp\/v2\/types\/page"}],"author":[{"embeddable":true,"href":"https:\/\/patientinfo.serf.fr\/sk-sk\/wp-json\/wp\/v2\/users\/1"}],"replies":[{"embeddable":true,"href":"https:\/\/patientinfo.serf.fr\/sk-sk\/wp-json\/wp\/v2\/comments?post=476"}],"version-history":[{"count":3,"href":"https:\/\/patientinfo.serf.fr\/sk-sk\/wp-json\/wp\/v2\/pages\/476\/revisions"}],"predecessor-version":[{"id":999,"href":"https:\/\/patientinfo.serf.fr\/sk-sk\/wp-json\/wp\/v2\/pages\/476\/revisions\/999"}],"up":[{"embeddable":true,"href":"https:\/\/patientinfo.serf.fr\/sk-sk\/wp-json\/wp\/v2\/pages\/545"}],"wp:attachment":[{"href":"https:\/\/patientinfo.serf.fr\/sk-sk\/wp-json\/wp\/v2\/media?parent=476"}],"curies":[{"name":"wp","href":"https:\/\/api.w.org\/{rel}","templated":true}]}}