
{"id":688,"date":"2020-04-16T19:02:26","date_gmt":"2020-04-16T17:02:26","guid":{"rendered":"https:\/\/patientinfo.serf.fr\/articulation\/hanche\/tiges-femorales\/"},"modified":"2020-04-20T11:44:12","modified_gmt":"2020-04-20T09:44:12","slug":"femoralne-drieky","status":"publish","type":"page","link":"https:\/\/patientinfo.serf.fr\/sk-sk\/vybrat-klb\/hanche\/femoralne-drieky\/","title":{"rendered":"FEMOR\u00c1LNE DRIEKY"},"content":{"rendered":"[vc_row type=&#8220;full_width_content&#8220; full_screen_row_position=&#8220;middle&#8220; column_margin=&#8220;none&#8220; bg_color=&#8220;#363d46&#8243; scene_position=&#8220;center&#8220; text_color=&#8220;light&#8220; text_align=&#8220;left&#8220; top_padding=&#8220;2%&#8220; overlay_strength=&#8220;0.3&#8243; shape_divider_position=&#8220;bottom&#8220; bg_image_animation=&#8220;none&#8220; shape_type=&#8220;&#8220;][vc_column column_padding=&#8220;no-extra-padding&#8220; column_padding_position=&#8220;all&#8220; background_color_opacity=&#8220;1&#8243; background_hover_color_opacity=&#8220;1&#8243; column_link_target=&#8220;_self&#8220; column_shadow=&#8220;none&#8220; column_border_radius=&#8220;none&#8220; width=&#8220;1\/6&#8243; tablet_width_inherit=&#8220;default&#8220; tablet_text_alignment=&#8220;default&#8220; phone_text_alignment=&#8220;default&#8220; overlay_strength=&#8220;0.3&#8243; column_border_width=&#8220;none&#8220; column_border_style=&#8220;solid&#8220; bg_image_animation=&#8220;none&#8220;][\/vc_column][vc_column column_padding=&#8220;no-extra-padding&#8220; column_padding_position=&#8220;all&#8220; background_color_opacity=&#8220;1&#8243; background_hover_color_opacity=&#8220;1&#8243; column_link_target=&#8220;_self&#8220; column_shadow=&#8220;none&#8220; column_border_radius=&#8220;none&#8220; width=&#8220;2\/3&#8243; tablet_width_inherit=&#8220;default&#8220; tablet_text_alignment=&#8220;default&#8220; phone_text_alignment=&#8220;default&#8220; overlay_strength=&#8220;0.3&#8243; column_border_width=&#8220;none&#8220; column_border_style=&#8220;solid&#8220; bg_image_animation=&#8220;none&#8220;][vc_row_inner column_margin=&#8220;default&#8220; text_align=&#8220;left&#8220;][vc_column_inner column_padding=&#8220;no-extra-padding&#8220; column_padding_position=&#8220;all&#8220; centered_text=&#8220;true&#8220; background_color_opacity=&#8220;1&#8243; background_hover_color_opacity=&#8220;1&#8243; column_shadow=&#8220;none&#8220; column_border_radius=&#8220;none&#8220; column_link_target=&#8220;_self&#8220; el_class=&#8220;flexwrap&#8220; width=&#8220;1\/1&#8243; tablet_width_inherit=&#8220;default&#8220; overlay_strength=&#8220;0.3&#8243; column_border_width=&#8220;none&#8220; column_border_style=&#8220;solid&#8220; bg_image_animation=&#8220;none&#8220; enable_animation=&#8220;true&#8220; animation=&#8220;fade-in&#8220; delay=&#8220;0&#8243;][vc_raw_html]JTNDZGl2JTIwY2xhc3MlM0QlMjJuZWN0YXJfaWNvbl93cmFwJTIyJTIwZGF0YS1zdHlsZSUzRCUyMmRlZmF1bHQlMjIlMjBkYXRhLWRyYXclM0QlMjIlMjIlMjBkYXRhLWJvcmRlci10aGlja25lc3MlM0QlMjIycHglMjIlMjBkYXRhLXBhZGRpbmclM0QlMjIyMHB4JTIyJTIwZGF0YS1jb2xvciUzRCUyMndoaXRlJTIyJTIwc3R5bGUlM0QlMjIlMjIlM0UlMEElMDklMDklM0NkaXYlMjBjbGFzcyUzRCUyMm5lY3Rhcl9pY29uJTIyJTNFJTNDYSUyMGhyZWYlM0QlMjJqYXZhc2NyaXB0JTNBaGlzdG9yeS5iYWNrJTI4JTI5JTNCJTIyJTNFJTNDJTJGYSUzRSUzQ2klMjBzdHlsZSUzRCUyMmZvbnQtc2l6ZSUzQSUyMDUwcHglM0IlMjBsaW5lLWhlaWdodCUzQSUyMDUwcHglM0IlMjBoZWlnaHQlM0ElMjA1MHB4JTNCJTIwd2lkdGglM0ElMjA1MHB4JTNCJTIyJTIwY2xhc3MlM0QlMjJmYSUyMGZhLWFuZ2xlLWxlZnQlMjIlM0UlM0MlMkZpJTNFJTNDJTJGZGl2JTNFJTBBJTA5JTNDJTJGZGl2JTNF[\/vc_raw_html][image_with_animation image_url=&#8220;150&#8243; alignment=&#8220;&#8220; animation=&#8220;Fade In&#8220; hover_animation=&#8220;none&#8220; border_radius=&#8220;none&#8220; box_shadow=&#8220;none&#8220; image_loading=&#8220;default&#8220; max_width=&#8220;100%&#8220; max_width_mobile=&#8220;default&#8220; margin_right=&#8220;15&#8243;][vc_column_text] <\/p>\n<h2><strong>FEMOR\u00c1LNE<\/strong><br \/><em>DRIEKY<\/em><\/h2>\n<p> [\/vc_column_text][\/vc_column_inner][\/vc_row_inner][\/vc_column][vc_column column_padding=&#8220;no-extra-padding&#8220; column_padding_position=&#8220;all&#8220; background_color_opacity=&#8220;1&#8243; background_hover_color_opacity=&#8220;1&#8243; column_link_target=&#8220;_self&#8220; column_shadow=&#8220;none&#8220; column_border_radius=&#8220;none&#8220; width=&#8220;1\/6&#8243; tablet_width_inherit=&#8220;default&#8220; tablet_text_alignment=&#8220;default&#8220; phone_text_alignment=&#8220;default&#8220; overlay_strength=&#8220;0.3&#8243; column_border_width=&#8220;none&#8220; column_border_style=&#8220;solid&#8220; bg_image_animation=&#8220;none&#8220;][\/vc_column][\/vc_row][vc_row type=&#8220;full_width_content&#8220; full_screen_row_position=&#8220;middle&#8220; column_margin=&#8220;none&#8220; bg_color=&#8220;#363d46&#8243; scene_position=&#8220;center&#8220; text_color=&#8220;dark&#8220; text_align=&#8220;left&#8220; overlay_strength=&#8220;0.3&#8243; shape_divider_position=&#8220;bottom&#8220; bg_image_animation=&#8220;none&#8220; shape_type=&#8220;&#8220;][vc_column column_padding=&#8220;no-extra-padding&#8220; column_padding_position=&#8220;all&#8220; background_color_opacity=&#8220;1&#8243; background_hover_color_opacity=&#8220;1&#8243; column_link_target=&#8220;_self&#8220; column_shadow=&#8220;none&#8220; column_border_radius=&#8220;none&#8220; width=&#8220;1\/1&#8243; tablet_width_inherit=&#8220;default&#8220; tablet_text_alignment=&#8220;default&#8220; phone_text_alignment=&#8220;default&#8220; overlay_strength=&#8220;0.3&#8243; column_border_width=&#8220;none&#8220; column_border_style=&#8220;solid&#8220; bg_image_animation=&#8220;none&#8220;][vc_row_inner column_margin=&#8220;default&#8220; text_align=&#8220;left&#8220;][vc_column_inner column_padding=&#8220;no-extra-padding&#8220; column_padding_position=&#8220;all&#8220; background_color_opacity=&#8220;1&#8243; background_hover_color_opacity=&#8220;1&#8243; column_shadow=&#8220;none&#8220; column_border_radius=&#8220;none&#8220; column_link_target=&#8220;_self&#8220; width=&#8220;1\/1&#8243; tablet_width_inherit=&#8220;default&#8220; overlay_strength=&#8220;0.3&#8243; column_border_width=&#8220;none&#8220; column_border_style=&#8220;solid&#8220; bg_image_animation=&#8220;none&#8220; enable_animation=&#8220;true&#8220; animation=&#8220;fade-in&#8220; delay=&#8220;10&#8243;][vc_column_text]<ul class=\"dlm-downloads\"><li><aside class=\"download-box\">\n\t<a class=\"download-button\" title=\"Sagitta EVL R REC\" href=\"https:\/\/patientinfo.serf.fr\/sk-sk\/download\/sagitta-evl-r\/?tmstv=1778074758\" rel=\"nofollow\" target=\"_blank\">\n\t\t\t\t\t\n\t<div class=\"img\">\n\t\t<img loading=\"lazy\" decoding=\"async\" width=\"670\" height=\"499\" src=\"https:\/\/patientinfo.serf.fr\/wp-content\/uploads\/nouvelle-label-sagitta-3.jpg\" class=\"attachment-full size-full wp-post-image\" alt=\"\" \/>\t<\/div>\n\n<!--\n\t<div class=\"download-box-content\">\n\n\t\t<h3>Sagitta EVL R REC<\/h3>\n\n\t\t\n\t\t<a class=\"download-button\" title=\"\" href=\"https:\/\/patientinfo.serf.fr\/sk-sk\/download\/sagitta-evl-r\/?tmstv=1778074758\" rel=\"nofollow\">\n\t\t\tStiahn\u00fa\u0165 s\u00fabor\t\t\t<small>SFRAIPEVLR-Rev01_SK.pdf &ndash; 241,05 KB<\/small>\n\t\t<\/a>\n\n\t<\/div>\n-->\n\t<\/a>\n<\/aside>\n\n\n<\/li><\/ul>\n\t\t\t\t[\/vc_column_text][\/vc_column_inner][\/vc_row_inner][\/vc_column][\/vc_row]\n","protected":false},"excerpt":{"rendered":"<p>[vc_row type=&#8220;full_width_content&#8220; full_screen_row_position=&#8220;middle&#8220; column_margin=&#8220;none&#8220; bg_color=&#8220;#363d46&#8243; scene_position=&#8220;center&#8220; text_color=&#8220;light&#8220; text_align=&#8220;left&#8220; top_padding=&#8220;2%&#8220; overlay_strength=&#8220;0.3&#8243; shape_divider_position=&#8220;bottom&#8220; bg_image_animation=&#8220;none&#8220; shape_type=&#8220;&#8220;][vc_column column_padding=&#8220;no-extra-padding&#8220; column_padding_position=&#8220;all&#8220; background_color_opacity=&#8220;1&#8243; background_hover_color_opacity=&#8220;1&#8243; column_link_target=&#8220;_self&#8220; column_shadow=&#8220;none&#8220; column_border_radius=&#8220;none&#8220; width=&#8220;1\/6&#8243; tablet_width_inherit=&#8220;default&#8220; tablet_text_alignment=&#8220;default&#8220; phone_text_alignment=&#8220;default&#8220; overlay_strength=&#8220;0.3&#8243; column_border_width=&#8220;none&#8220; column_border_style=&#8220;solid&#8220; bg_image_animation=&#8220;none&#8220;][\/vc_column][vc_column column_padding=&#8220;no-extra-padding&#8220; column_padding_position=&#8220;all&#8220;&#8230;<\/p>\n","protected":false},"author":1,"featured_media":0,"parent":545,"menu_order":292,"comment_status":"closed","ping_status":"closed","template":"","meta":{"footnotes":""},"class_list":["post-688","page","type-page","status-publish"],"_links":{"self":[{"href":"https:\/\/patientinfo.serf.fr\/sk-sk\/wp-json\/wp\/v2\/pages\/688","targetHints":{"allow":["GET"]}}],"collection":[{"href":"https:\/\/patientinfo.serf.fr\/sk-sk\/wp-json\/wp\/v2\/pages"}],"about":[{"href":"https:\/\/patientinfo.serf.fr\/sk-sk\/wp-json\/wp\/v2\/types\/page"}],"author":[{"embeddable":true,"href":"https:\/\/patientinfo.serf.fr\/sk-sk\/wp-json\/wp\/v2\/users\/1"}],"replies":[{"embeddable":true,"href":"https:\/\/patientinfo.serf.fr\/sk-sk\/wp-json\/wp\/v2\/comments?post=688"}],"version-history":[{"count":2,"href":"https:\/\/patientinfo.serf.fr\/sk-sk\/wp-json\/wp\/v2\/pages\/688\/revisions"}],"predecessor-version":[{"id":1049,"href":"https:\/\/patientinfo.serf.fr\/sk-sk\/wp-json\/wp\/v2\/pages\/688\/revisions\/1049"}],"up":[{"embeddable":true,"href":"https:\/\/patientinfo.serf.fr\/sk-sk\/wp-json\/wp\/v2\/pages\/545"}],"wp:attachment":[{"href":"https:\/\/patientinfo.serf.fr\/sk-sk\/wp-json\/wp\/v2\/media?parent=688"}],"curies":[{"name":"wp","href":"https:\/\/api.w.org\/{rel}","templated":true}]}}